{"id":15144,"date":"2023-03-22T09:27:00","date_gmt":"2023-03-22T02:27:00","guid":{"rendered":"https:\/\/cestlavie.vn\/photo-booth-su-kien-da-nang\/"},"modified":"2025-01-08T10:23:27","modified_gmt":"2025-01-08T03:23:27","slug":"event-photo-booth-services-in-da-nang","status":"publish","type":"page","link":"https:\/\/cestlavie.vn\/en\/event-photo-booth-services-in-da-nang\/","title":{"rendered":"Photo Booth Setup And Printing Services For Events in Da Nang"},"content":{"rendered":"<p><em><span style=\"font-weight: 400;\"><strong><a href=\"https:\/\/cestlavie.vn\/dich-vu-thi-cong-photo-booth-su-kien-da-nang\/\">\u00a0Photo Booth S\u1ef1 Ki\u1ec7n <\/a><\/strong>v\u1ed1n l\u00e0 thu\u1eadt ng\u1eef ch\u1ec9 khu v\u1ef1c ch\u1ee5p \u1ea3nh. N\u01a1i \u0111\u00e2y b\u1ea1n v\u00e0 kh\u00e1ch m\u1eddi c\u00f3 th\u1ec3 tho\u1ea3i m\u00e1i t\u1ea1o ki\u1ec3u \u0111\u1ec3 c\u00f3 nh\u1eefng b\u1ee9c \u1ea3nh mang \u0111\u1eadm t\u00ednh lan t\u1ecfa th\u01b0\u01a1ng hi\u1ec7u b\u00ean trong. B\u00ean c\u1ea1nh \u0111\u00f3, c\u00f2n l\u00e0 n\u01a1i th\u1ec3 hi\u1ec7n tinh th\u1ea7n, th\u00f4ng \u0111i\u1ec7p c\u1ee7a s\u1ef1 ki\u1ec7n.\u00a0<\/span><\/em><\/p>\n<p><em><span style=\"font-weight: 400;\">B\u1ea1n \u0111ang c\u1ea7n \u0111\u1ecbnh h\u00ecnh phong c\u00e1ch Photo booth ph\u00f9 h\u1ee3p cho m\u00ecnh? \u0110\u1eebng lo l\u1eafng v\u00ec ch\u00fang t\u00f4i s\u1ebd gi\u00fap b\u1ea1n s\u1edf h\u1eefu nh\u1eefng thi\u1ebft k\u1ebf Photo booth\u00a0 b\u1eaft m\u1eaft, khi\u1ebfn s\u1ef1 ki\u1ec7n c\u1ee7a b\u1ea1n tr\u1edf n\u00ean c\u1ef1c k\u1ef3 ho\u00e0nh tr\u00e1ng v\u00e0 t\u1ea1o hi\u1ec7u \u1ee9ng thu h\u00fat kh\u00e1ch h\u00e0ng m\u1ed9t c\u00e1ch hi\u1ec7u qu\u1ea3. H\u00e3y c\u00f9ng theo d\u00f5i b\u00e0i vi\u1ebft d\u01b0\u1edbi \u0111\u00e2y \u0111\u1ec3 hi\u1ec3u th\u00eam v\u1ec1 d\u1ecbch v\u1ee5 thi\u1ebft k\u1ebf Photo Booth \u0110\u00e0 N\u1eb5ng <strong>C&#8217;est La Vie<\/strong>.<\/span><\/em><\/p>\n<figure id=\"attachment_6656\" aria-describedby=\"caption-attachment-6656\" style=\"width: 1110px\" class=\"wp-caption aligncenter\"><img loading=\"lazy\" decoding=\"async\" class=\"wp-image-6656 size-full\" title=\"Photo Booth s\u1ef1 ki\u1ec7n\" src=\"https:\/\/cestlavie.vn\/wp-content\/uploads\/2023\/03\/ptb-su-kien.jpg\" alt=\"Photo Booth s\u1ef1 ki\u1ec7n\" width=\"1110\" height=\"400\" srcset=\"https:\/\/cestlavie.vn\/wp-content\/uploads\/2023\/03\/ptb-su-kien.jpg 1110w, https:\/\/cestlavie.vn\/wp-content\/uploads\/2023\/03\/ptb-su-kien-300x108.jpg 300w, https:\/\/cestlavie.vn\/wp-content\/uploads\/2023\/03\/ptb-su-kien-768x277.jpg 768w, https:\/\/cestlavie.vn\/wp-content\/uploads\/2023\/03\/ptb-su-kien-1024x369.jpg 1024w\" sizes=\"auto, (max-width: 1110px) 100vw, 1110px\" \/><figcaption id=\"caption-attachment-6656\" class=\"wp-caption-text\"><em>Photo Booth\/Backdrops s\u1ef1 ki\u1ec7n (Internet)<\/em><\/figcaption><\/figure>\n<p>&gt;&gt;&gt;&gt; Xem th\u00eam: <strong><a href=\"https:\/\/cestlavie.vn\/cho-thue-chup-hinh-quay-phim-su-kien\/#\">D\u1ecbch v\u1ee5 cho thu\u00ea ch\u1ee5p h\u00ecnh quay phim s\u1ef1 ki\u1ec7n<\/a><\/strong><\/p>\n<h2>\u0110\u01a1n v\u1ecb thi c\u00f4ng, trang tr\u00ed Photobooth cho event chuy\u00ean nghi\u1ec7p C&#8217;estlavie.<\/h2>\n<h3><b>1\/ L\u00ean \u00fd t\u01b0\u1edfng, t\u01b0 v\u1ea5n thi\u1ebft k\u1ebf khu v\u1ef1c l\u00ean h\u00ecnh \u1ea3nh<\/b><\/h3>\n<p>L\u00ean \u00fd t\u01b0\u1edfng v\u00e0 ph\u00e1c th\u1ea3o thi\u1ebft k\u1ebf lu\u00f4n l\u00e0 \u0111i\u1ec1u \u0111au \u0111\u1ea7u nh\u1ea5t \u0111\u1ed1i v\u1edbi nhi\u1ec1u kh\u00e1ch h\u00e0ng c\u1ee7a ch\u00fang t\u00f4i. V\u1edbi nhi\u1ec1u n\u0103m kinh nghi\u1ec7m t\u1ed5 ch\u1ee9c c\u00e1c s\u1ef1 ki\u1ec7n l\u1edbn nh\u1ecf c\u1ee7a m\u00ecnh. Ch\u00fang t\u00f4i \u0111\u00e3, \u0111ang v\u00e0 lu\u00f4n lu\u00f4n s\u1eb5n s\u00e0ng gi\u00fap kh\u00e1ch h\u00e0ng c\u00f3 \u0111\u01b0\u1ee3c m\u1ed9t g\u00f3c ch\u1ee5p \u1ea3nh \u01b0ng \u00fd nh\u1ea5t.<\/p>\n<p>\u0110\u1ed9i ng\u0169 ch\u00fang t\u00f4i s\u1ebd ti\u1ebfn h\u00e0nh nghi\u00ean c\u1ee9u th\u00f4ng \u0111i\u1ec7p s\u1ef1 ki\u1ec7n, l\u1eafng nghe \u00fd t\u01b0\u1edfng t\u1eeb kh\u00e1ch h\u00e0ng. T\u1eeb \u0111\u00f3, c\u00e1c Photobooth \u0111\u01b0\u1ee3c ch\u00fang t\u00f4i d\u1ef1ng l\u00ean s\u1ebd thay ch\u1ee7 nh\u00e2n truy\u1ec1n t\u1ea3i th\u00f4ng \u0111i\u1ec7p, c\u00e2u chuy\u1ec7n \u0111\u1ebfn c\u00e1c th\u1ef1c kh\u00e1ch tham gia.<\/p>\n<p>&nbsp;<\/p>\n<p><img loading=\"lazy\" decoding=\"async\" class=\"aligncenter wp-image-7327 size-large\" src=\"https:\/\/cestlavie.vn\/wp-content\/uploads\/2023\/04\/z3718874650831_41d00effee01fd83ae16a828b1fae61a-1024x594.jpg\" alt=\"\" width=\"640\" height=\"371\" srcset=\"https:\/\/cestlavie.vn\/wp-content\/uploads\/2023\/04\/z3718874650831_41d00effee01fd83ae16a828b1fae61a-1024x594.jpg 1024w, https:\/\/cestlavie.vn\/wp-content\/uploads\/2023\/04\/z3718874650831_41d00effee01fd83ae16a828b1fae61a-300x174.jpg 300w, https:\/\/cestlavie.vn\/wp-content\/uploads\/2023\/04\/z3718874650831_41d00effee01fd83ae16a828b1fae61a-768x445.jpg 768w, https:\/\/cestlavie.vn\/wp-content\/uploads\/2023\/04\/z3718874650831_41d00effee01fd83ae16a828b1fae61a-1536x890.jpg 1536w, https:\/\/cestlavie.vn\/wp-content\/uploads\/2023\/04\/z3718874650831_41d00effee01fd83ae16a828b1fae61a-2048x1187.jpg 2048w\" sizes=\"auto, (max-width: 640px) 100vw, 640px\" \/><\/p>\n<p>&nbsp;<\/p>\n<h3><b>2\/ D\u1ecbch v\u1ee5 thi c\u00f4ng &#8211; trang tr\u00ed g\u00f3c ch\u1ee5p \u1ea3nh kh\u00e1ch h\u00e0ng<\/b><\/h3>\n<p>B\u1ea1n l\u00e0 ng\u01b0\u1eddi tr\u00e2m anh th\u1ebf phi\u1ec7t? B\u1ea1n \u0111\u00e3 chu\u1ea9n b\u1ecb \u0111\u01b0\u1ee3c nh\u1eefng \u00fd t\u01b0\u1edfng, thi\u1ebft k\u1ebf Photo Booth cho s\u1ef1 ki\u1ec7n, nh\u01b0ng c\u00f3 qu\u00e1 nhi\u1ec1u th\u1ee9 ph\u1ea3i lo? D\u1ecbch v\u1ee5 thi c\u00f4ng &#8211; trang tr\u00ed Photo Booth c\u1ee7a ch\u00fang t\u00f4i l\u00e0 d\u00e0nh cho b\u1ea1n.<\/p>\n<p>Ch\u00fang t\u00f4i l\u1ef1a ch\u1ecdn nh\u1eefng v\u1eadt li\u1ec7u nh\u01b0 ruy b\u0103ng, bong b\u00f3ng h\u01a1i, gi\u1ea5y g\u1ea5p hay th\u1eadm ch\u00ed t\u1eeb hoa t\u01b0\u01a1i. Mi\u1ec5n l\u00e0 b\u1ea1n c\u00f3 nhu c\u1ea7u, ch\u00fang t\u00f4i s\u1ebd s\u1eb5n s\u00e0ng \u0111\u00e1p \u1ee9ng \u0111\u1ec3 mang l\u1ea1i nh\u1eefng booth ch\u1ee5p h\u00ecnh th\u1ea9m m\u1ef9 v\u00e0 b\u00e0i b\u1ea3n nh\u1ea5t.<\/p>\n<h3><img loading=\"lazy\" decoding=\"async\" class=\"aligncenter wp-image-7323 size-full\" src=\"https:\/\/cestlavie.vn\/wp-content\/uploads\/2023\/04\/172641196_3846740938775704_40072723750989260_n.jpg\" alt=\"\" width=\"960\" height=\"720\" srcset=\"https:\/\/cestlavie.vn\/wp-content\/uploads\/2023\/04\/172641196_3846740938775704_40072723750989260_n.jpg 960w, https:\/\/cestlavie.vn\/wp-content\/uploads\/2023\/04\/172641196_3846740938775704_40072723750989260_n-300x225.jpg 300w, https:\/\/cestlavie.vn\/wp-content\/uploads\/2023\/04\/172641196_3846740938775704_40072723750989260_n-768x576.jpg 768w\" sizes=\"auto, (max-width: 960px) 100vw, 960px\" \/><\/h3>\n<h3><b>3\/ Cung c\u1ea5p \u0111\u1ea1o c\u1ee5 photo booth ch\u1ee5p\u00a0<\/b><\/h3>\n<p><span style=\"font-weight: 400;\">Nh\u1eefng \u0111\u1ea1o c\u1ee5 check &#8211; in trong Photo booth s\u1ebd \u0111\u01b0\u1ee3c b\u1ed1 tr\u00ed \u0111\u1ea7y \u0111\u1ee7 v\u00e0 ph\u00f9 h\u1ee3p v\u1edbi kh\u00f4ng gian s\u1ef1 ki\u1ec7n bao g\u1ed3m:<\/span><\/p>\n<ul>\n<li>M\u00e1y \u1ea3nh: M\u00e1y \u1ea3nh chuy\u00ean nghi\u1ec7p \u0111\u01b0\u1ee3c s\u1eed d\u1ee5ng \u0111\u1ec3 ch\u1ee5p h\u00ecnh v\u1edbi ch\u1ea5t l\u01b0\u1ee3ng cao. C\u00e1c m\u00e1y \u1ea3nh c\u00f3 \u0111\u1ed9 ph\u00e2n gi\u1ea3i cao v\u00e0 \u1ed1ng k\u00ednh g\u00f3c r\u1ed9ng th\u01b0\u1eddng \u0111\u01b0\u1ee3c s\u1eed d\u1ee5ng \u0111\u1ec3 b\u1eaft \u0111\u01b0\u1ee3c nhi\u1ec1u h\u00ecnh \u1ea3nh trong m\u1ed9t khung h\u00ecnh.<\/li>\n<li>\u00c1nh s\u00e1ng: \u00c1nh s\u00e1ng l\u00e0 y\u1ebfu t\u1ed1 quan tr\u1ecdng trong ch\u1ee5p \u1ea3nh chuy\u00ean nghi\u1ec7p. C\u00e1c \u0111\u00e8n flash v\u00e0 b\u00f3ng \u0111\u00e8n ch\u1ee5p \u1ea3nh \u0111\u01b0\u1ee3c s\u1eed d\u1ee5ng \u0111\u1ec3 t\u1ea1o ra \u00e1nh s\u00e1ng ch\u00ednh x\u00e1c v\u00e0 \u0111\u1ee7 s\u00e1ng \u0111\u1ec3 t\u1ea1o ra c\u00e1c b\u1ee9c \u1ea3nh ch\u1ea5t l\u01b0\u1ee3ng cao.<\/li>\n<li>Ph\u00f4ng n\u1ec1n: Ph\u00f4ng n\u1ec1n \u0111\u01b0\u1ee3c s\u1eed d\u1ee5ng \u0111\u1ec3 t\u1ea1o ra m\u1ed9t n\u1ec1n \u0111\u01a1n s\u1eafc cho c\u00e1c b\u1ee9c \u1ea3nh. C\u00e1c ph\u00f4ng n\u1ec1n c\u00f3 th\u1ec3 l\u00e0 c\u00e1c m\u1ea3ng v\u1ea3i ho\u1eb7c t\u1ea5m vinyl \u0111\u01b0\u1ee3c thi\u1ebft k\u1ebf v\u1edbi nhi\u1ec1u m\u00e0u s\u1eafc v\u00e0 h\u1ecda ti\u1ebft kh\u00e1c nhau.<\/li>\n<li>Ph\u1ee5 ki\u1ec7n: C\u00e1c ph\u1ee5 ki\u1ec7n nh\u01b0 k\u00ednh c\u01b0\u1eddm, m\u1eb7t n\u1ea1 v\u00e0 ph\u1ee5 ki\u1ec7n \u0111\u1ed3 ch\u01a1i kh\u00e1c c\u00f3 th\u1ec3 \u0111\u01b0\u1ee3c s\u1eed d\u1ee5ng \u0111\u1ec3 t\u1ea1o ra c\u00e1c b\u1ee9c \u1ea3nh \u0111\u1ed9c \u0111\u00e1o v\u00e0 th\u00fa v\u1ecb.<\/li>\n<li>M\u00e1y in \u1ea3nh: M\u00e1y in \u1ea3nh \u0111\u01b0\u1ee3c s\u1eed d\u1ee5ng \u0111\u1ec3 in c\u00e1c b\u1ee9c \u1ea3nh ngay t\u1ea1i ch\u1ed7, \u0111\u1ec3 kh\u00e1ch h\u00e0ng c\u00f3 th\u1ec3 mang v\u1ec1 nh\u1eefng b\u1ee9c \u1ea3nh k\u1ef7 ni\u1ec7m c\u1ee7a m\u00ecnh ngay l\u1eadp t\u1ee9c.<\/li>\n<\/ul>\n<p><img loading=\"lazy\" decoding=\"async\" class=\"aligncenter wp-image-7328 size-large\" src=\"https:\/\/cestlavie.vn\/wp-content\/uploads\/2023\/04\/z3718874984991_6c5e511bc3167aa388c072ece65b0f58-1024x768.jpg\" alt=\"\" width=\"640\" height=\"480\" \/><\/p>\n<h3><b>4\/ In \u1ea5n ph\u00f4ng n\u1ec1n, check in theo y\u00eau c\u1ea7u<\/b><\/h3>\n<p><span style=\"font-weight: 400;\">Ph\u00f4ng n\u1ec1n c\u1ee7a Photobooth Check- in s\u1ebd gi\u00fap t\u1ea1o n\u00ean khung c\u1ea3nh ch\u1ee7 \u0111\u1ea1o. Ch\u00fang t\u00f4i h\u1ed7 tr\u1ee3 in \u1ea5n ph\u00f4ng n\u1ec1n, in \u1ea3nh theo y\u00eau c\u1ea7u c\u1ee7a kh\u00e1ch h\u00e0ng. \u0110\u1ed3ng th\u1eddi, \u0111\u1ed1i v\u1edbi nh\u1eefng bu\u1ed5i l\u1ec5 c\u1ea7n qu\u1ea3ng b\u00e1 th\u01b0\u01a1ng hi\u1ec7u, ch\u00fang t\u00f4i s\u1ebd t\u01b0 v\u1ea5n cho b\u1ea1n b\u1ed1 tr\u00ed logo \u0111\u01a1n v\u1ecb, thi\u1ebft k\u1ebf h\u00ecnh \u1ea3nh s\u1ea3n ph\u1ea9m h\u1ee3p l\u00fd nh\u1ea5t. T\u1eeb \u0111\u00f3 v\u1eeba t\u1ea1o kh\u00f4ng gian check-in \u0111\u1eb9p, v\u1eeba c\u00f3 th\u1ec3 qu\u1ea3ng b\u00e1 th\u01b0\u01a1ng hi\u1ec7u kh\u00e9o l\u00e9o.\u00a0<\/span><\/p>\n<h2>Photo Booth c\u1ea7n thi\u1ebft cho nh\u1eefng d\u1ecbp n\u00e0o?<\/h2>\n<h3><b>Photobooth cho Prom Party cu\u1ed1i c\u1ea5p<\/b><\/h3>\n<p>Vi\u1ec7c thu\u00ea m\u1ed9t photobooth cho <a href=\"https:\/\/cestlavie.vn\/to-chuc-prom-party-tron-goi\/\">PROM Party <\/a>l\u00e0 m\u1ed9t \u00fd t\u01b0\u1edfng tuy\u1ec7t v\u1eddi \u0111\u1ec3 c\u00e1c b\u1ea1n tr\u1ebb l\u01b0u gi\u1eef nh\u1eefng k\u1ef7 ni\u1ec7m \u0111\u00e1ng nh\u1edb c\u1ee7a \u0111\u00eam<\/p>\n<figure style=\"width: 976px\" class=\"wp-caption aligncenter\"><img loading=\"lazy\" decoding=\"async\" class=\"wp-image-6657 size-full\" title=\"Photo Booth Prom\" src=\"https:\/\/cestlavie.vn\/wp-content\/uploads\/2023\/03\/photo-booth-prom.jpg\" alt=\"Photo Booth Prom\" width=\"976\" height=\"400\" srcset=\"https:\/\/cestlavie.vn\/wp-content\/uploads\/2023\/03\/photo-booth-prom.jpg 976w, https:\/\/cestlavie.vn\/wp-content\/uploads\/2023\/03\/photo-booth-prom-300x123.jpg 300w, https:\/\/cestlavie.vn\/wp-content\/uploads\/2023\/03\/photo-booth-prom-768x315.jpg 768w\" sizes=\"auto, (max-width: 976px) 100vw, 976px\" \/><figcaption class=\"wp-caption-text\"><em>Photo Booth Ti\u1ec7c T\u1ed1t\u00a0<\/em><i>Nghi\u1ec7p<\/i><\/figcaption><\/figure>\n<p>&nbsp;<\/p>\n<p><i>T\u1ed5<\/i><b style=\"font-size: 16px;\"> ch\u1ee9c team building\u00a0<\/b><img loading=\"lazy\" decoding=\"async\" class=\"aligncenter wp-image-7322 size-large\" src=\"https:\/\/cestlavie.vn\/wp-content\/uploads\/2023\/04\/z3718875211640_c46091640bf602b725d4ccf7700a68e1-1024x913.jpg\" alt=\"\" width=\"640\" height=\"571\" \/><\/p>\n<h3 style=\"text-align: center;\"><b>Decor Photo Booth t\u1ed5 ch\u1ee9c \u0111\u00e1m c\u01b0\u1edbi, ti\u1ec7c c\u01b0\u1edbi<\/b><\/h3>\n<p><img loading=\"lazy\" decoding=\"async\" class=\"size-full wp-image-5944 aligncenter\" src=\"https:\/\/cestlavie.vn\/wp-content\/uploads\/2023\/02\/645747e092a69da348d4786686bec1ab.jpg\" alt=\"\u0110\u00e1m C\u01b0\u1edbi\" width=\"563\" height=\"386\" srcset=\"https:\/\/cestlavie.vn\/wp-content\/uploads\/2023\/02\/645747e092a69da348d4786686bec1ab.jpg 563w, https:\/\/cestlavie.vn\/wp-content\/uploads\/2023\/02\/645747e092a69da348d4786686bec1ab-300x206.jpg 300w\" sizes=\"auto, (max-width: 563px) 100vw, 563px\" \/><\/p>\n<p><img loading=\"lazy\" decoding=\"async\" class=\"aligncenter wp-image-7325 size-large\" src=\"https:\/\/cestlavie.vn\/wp-content\/uploads\/2023\/04\/z4002666674526_033231cfe264ac883d6f54c95e504249-1024x768.jpg\" alt=\"\" width=\"640\" height=\"480\" srcset=\"https:\/\/cestlavie.vn\/wp-content\/uploads\/2023\/04\/z4002666674526_033231cfe264ac883d6f54c95e504249-1024x768.jpg 1024w, https:\/\/cestlavie.vn\/wp-content\/uploads\/2023\/04\/z4002666674526_033231cfe264ac883d6f54c95e504249-300x225.jpg 300w, https:\/\/cestlavie.vn\/wp-content\/uploads\/2023\/04\/z4002666674526_033231cfe264ac883d6f54c95e504249-768x576.jpg 768w, https:\/\/cestlavie.vn\/wp-content\/uploads\/2023\/04\/z4002666674526_033231cfe264ac883d6f54c95e504249-1536x1152.jpg 1536w, https:\/\/cestlavie.vn\/wp-content\/uploads\/2023\/04\/z4002666674526_033231cfe264ac883d6f54c95e504249-2048x1536.jpg 2048w\" sizes=\"auto, (max-width: 640px) 100vw, 640px\" \/><\/p>\n<p><span style=\"font-size: 14px;\"><i>Background<\/i><\/span><em style=\"font-size: 14px;\">\u00a0L\u00e3ng M\u1ea1n Cho Ti\u1ec7c C\u01b0\u1edbi<\/em><\/p>\n<h3><b>Cho ti\u1ec7c t\u1ea5t ni\u00ean Year End Party<\/b><\/h3>\n<figure id=\"attachment_5928\" aria-describedby=\"caption-attachment-5928\" style=\"width: 640px\" class=\"wp-caption aligncenter\"><img loading=\"lazy\" decoding=\"async\" class=\"wp-image-5928 size-large\" src=\"https:\/\/cestlavie.vn\/wp-content\/uploads\/2023\/02\/background-year-end-party-1-1024x754.jpg\" alt=\"Backdrop YEP\" width=\"640\" height=\"471\" srcset=\"https:\/\/cestlavie.vn\/wp-content\/uploads\/2023\/02\/background-year-end-party-1-1024x754.jpg 1024w, https:\/\/cestlavie.vn\/wp-content\/uploads\/2023\/02\/background-year-end-party-1-300x221.jpg 300w, https:\/\/cestlavie.vn\/wp-content\/uploads\/2023\/02\/background-year-end-party-1-768x565.jpg 768w, https:\/\/cestlavie.vn\/wp-content\/uploads\/2023\/02\/background-year-end-party-1.jpg 1371w\" sizes=\"auto, (max-width: 640px) 100vw, 640px\" \/><figcaption id=\"caption-attachment-5928\" class=\"wp-caption-text\">Backdrops Ti\u1ec7c T\u1ea5t Ni\u00ean<\/figcaption><\/figure>\n<p>&gt;&gt;&gt;&gt; Xem th\u00eam:\u00a0<a href=\"https:\/\/cestlavie.vn\/to-chuc-tiec-tat-nien\/\">D\u1ecbch v\u1ee5 t\u1ed5 ch\u1ee9c ti\u1ec7c t\u1ea5t ni\u00ean; Ti\u1ec7c Year End Party Tr\u1ecdn G\u00f3i T\u1ea1i \u0110\u00e0 N\u1eb5ng<\/a><\/p>\n<h3><b>Photo booth sinh nh\u1eadt, kh\u00e1nh th\u00e0nh\u2026<\/b><\/h3>\n<p><img loading=\"lazy\" decoding=\"async\" class=\"aligncenter wp-image-7329 size-full\" src=\"https:\/\/cestlavie.vn\/wp-content\/uploads\/2023\/04\/0f08f80a0550487f213f7e89f032c542.jpg\" alt=\"\" width=\"564\" height=\"470\" srcset=\"https:\/\/cestlavie.vn\/wp-content\/uploads\/2023\/04\/0f08f80a0550487f213f7e89f032c542.jpg 564w, https:\/\/cestlavie.vn\/wp-content\/uploads\/2023\/04\/0f08f80a0550487f213f7e89f032c542-300x250.jpg 300w\" sizes=\"auto, (max-width: 564px) 100vw, 564px\" \/><\/p>\n<h2><b>C\u1ea7n l\u01b0u \u00fd nh\u1eefng g\u00ec khi thi c\u00f4ng photobooth?<\/b><\/h2>\n<h3><b>\u00dd t\u01b0\u1edfng thi\u1ebft k\u1ebf decor g\u00f3c ch\u1ee5p s\u1ef1 ki\u1ec7n<\/b><\/h3>\n<p><span style=\"font-weight: 400;\">B\u1ea1n n\u00ean l\u00ean tr\u01b0\u1edbc \u00fd t\u01b0\u1edfng cho photo booth s\u1ef1 ki\u1ec7n v\u1ec1 m\u00e0u s\u1eafc, ch\u1ee7 \u0111\u1ec1,\u2026 M\u1ed7i ng\u01b0\u1eddi \u0111\u1ec1u s\u1ebd c\u00f3 nh\u1eefng s\u1edf th\u00edch v\u00e0 nhu c\u1ea7u kh\u00e1c nhau, do \u0111\u00f3, vi\u1ec7c b\u1ea1n l\u00ean tr\u01b0\u1edbc \u00fd t\u01b0\u1edfng s\u1ebd gi\u00fap cho b\u1ea1n trong qu\u00e1 tr\u00ecnh tri\u1ec3n khai thi c\u00f4ng photo booth ch\u1ee5p h\u00ecnh \u0111\u01b0\u1ee3c d\u1ec5 d\u00e0ng h\u01a1n.<\/span><\/p>\n<p><span style=\"font-weight: 400;\">Tuy nhi\u00ean kinh nghi\u1ec7m trong vi\u1ec7c l\u00ean \u00fd t\u01b0\u1edfng ch\u00ednh l\u00e0: \u0111\u01a1n gi\u1ea3n, ph\u00f9 h\u1ee3p v\u1edbi b\u1ed1i c\u1ea3nh ch\u1ee9 kh\u00f4ng n\u00ean qu\u00e1 c\u1ea7u k\u00ec. Kh\u00f4ng n\u00ean \u0111\u01b0a qu\u00e1 nhi\u1ec1u chi ti\u1ebft r\u01b0\u1eddm ra hay m\u00e0u s\u1eafc qu\u00e1 s\u1eb7c s\u1ee1 v\u00e0o thi\u1ebft k\u1ebf. B\u1edfi v\u00ec b\u1ea3n ch\u1ea5t c\u1ee7a photo booth l\u00e0 l\u00e0m n\u1ec1n. Do \u0111\u00f3, n\u1ebfu photo booth qu\u00e1 n\u1ed5i b\u1eadt, khi l\u00ean h\u00ecnh s\u1ebd \u201cl\u1ea5n l\u01b0\u1edbt\u201d m\u1ea5t nh\u00e2n v\u1eadt ch\u00ednh. Do \u0111\u00f3, quy t\u1eafc khi thi\u1ebft k\u1ebf photo booth l\u00e0: n\u1ed5i b\u1eadt nh\u01b0ng kh\u00f4ng m\u00e0u m\u00e8, \u0111\u01a1n gi\u1ea3n m\u00e0 kh\u00f4ng s\u01a1 s\u00e0i.<\/span><\/p>\n<h3><b>K\u00edch th\u01b0\u1edbc chu\u1ea9n\u00a0<\/b><\/h3>\n<p><span style=\"font-weight: 400;\">K\u00edch th\u01b0\u1edbc \u0111\u1eb9p nh\u1ea5t c\u1ee7a photo booth l\u00e0 ngang 2.5m x cao 2.3m. K\u00edch th\u01b0\u1edbc n\u00e0y ph\u00f9 h\u1ee3p l\u00e0m n\u1ec1n cho s\u1ed1 l\u01b0\u1ee3ng ng\u01b0\u1eddi \u0111\u1ee9ng tr\u01b0\u1edbc ch\u1ee5p \u0111\u1eb9p nh\u1ea5t l\u00e0 6 ng\u01b0\u1eddi.\u00a0<\/span><\/p>\n<h3><b>\u00c1nh s\u00e1ng t\u1ed1i \u01b0u<\/b><\/h3>\n<p><span style=\"font-weight: 400;\">\u00c1nh s\u00e1ng \u0111\u00f3ng g\u00f3p m\u1ed9t ph\u1ea7n kh\u00f4ng k\u00e9m quan tr\u1ecdng gi\u00fap Photo Booth c\u1ee7a b\u1ea1n tr\u1edf n\u00ean x\u1ecbn x\u00f2 h\u01a1n. Th\u00f4ng th\u01b0\u1eddng, \u1edf c\u00e1c s\u1ea3nh l\u1edbn c\u1ee7a t\u1ea1i n\u01a1i \u0111\u1eb7t photo booth ch\u1ee7 y\u1ebfu s\u1ebd l\u00e0 \u00e1nh \u0111\u00e8n v\u00e0ng. V\u1eady n\u00ean b\u1ea1n c\u00f3 th\u1ec3 l\u1eafp \u0111\u1eb7t th\u00eam \u0111\u00e8n m\u00e0u kh\u00e1c \u1edf photo booth n\u1ebfu mu\u1ed1n \u0111\u1ec3 l\u00e0m n\u1ed5i t\u00f4ng m\u00e0u ch\u1ee7 \u0111\u1ea1o c\u1ee7a s\u1ef1 ki\u1ec7n.<\/span><\/p>\n<h3><b>L\u1ef1a ch\u1ecdn ch\u1ea5t li\u1ec7u\u00a0<\/b><\/h3>\n<p><span style=\"font-weight: 400;\">T\u00f9y thu\u1ed9c v\u00e0o t\u1eebng s\u1ef1 ki\u1ec7n kh\u00e1c nhau m\u00e0 b\u1ea1n c\u00f3 th\u1ec3 ch\u1ecdn l\u1ef1a phong c\u00e1ch cho phong n\u1ec1n ph\u00f9 h\u1ee3p. B\u1ea1n c\u00f3 th\u1ec3 ch\u1ecdn cho m\u00ecnh m\u1ed9t phong n\u1ec1n trang nh\u00e3 v\u1edbi ti\u1ec7c c\u01b0\u1edbi hay nh\u1eefng gam m\u00e0u vui t\u01b0\u01a1i cho sinh nh\u1eadt ho\u1eb7c tone m\u00e0u thanh l\u1ecbch cho nh\u1eefng bu\u1ed5i prom. Nh\u1eefng s\u1ef1 ki\u1ec7n ra m\u1eaft s\u1ea3n ph\u1ea9m th\u01b0\u1eddng c\u00f3 phong n\u1ec1n \u0111\u1eb7c tr\u01b0ng theo th\u01b0\u01a1ng hi\u1ec7u. M\u1ed9t Photo Booth c\u00f3 phong n\u1ec1n \u0111\u1eb7c s\u1eafc t\u1ea1o n\u00ean s\u1ee9c h\u00fat v\u1edbi kh\u00e1ch tham d\u1ef1<\/span><\/p>\n<h3><b>L\u1ef1a ch\u1ecdn \u0111\u01a1n v\u1ecb thi c\u00f4ng<\/b><\/h3>\n<p><span style=\"font-weight: 400;\">\u0110\u1ec3 gi\u00fap event c\u1ee7a b\u1ea1n di\u1ec5n ra trong kh\u00f4ng kh\u00ed vui t\u01b0\u01a1i v\u00e0 ho\u00e0nh tr\u00e1ng th\u00ec photo booth ch\u1eafc h\u1eb3n s\u1ebd l\u00e0 m\u1ed9t c\u00f4ng c\u1ee5 th\u1eadt s\u1ef1 h\u1eefu \u00edch. Tuy nhi\u00ean, \u0111\u1ec3 photobooth th\u1eadt s\u1ef1 \u1ea5n t\u01b0\u1ee3ng, ph\u00f9 h\u1ee3p th\u00ec b\u1ea1n n\u00ean nh\u1edd \u0111\u1ebfn s\u1ef1 t\u01b0 v\u1ea5n v\u00e0 h\u1ed7 tr\u1ee3 t\u1eeb c\u00e1c \u0111\u01a1n v\u1ecb thi c\u00f4ng uy t\u00edn.<\/span><\/p>\n<p><span style=\"font-weight: 400;\">V\u1edbi kinh nghi\u1ec7m nhi\u1ec1u n\u0103m C&#8217;est La Vie ch\u00fang t\u00f4i s\u1eb5n s\u00e0ng \u0111\u1ed3ng h\u00e0nh c\u00f9ng \u0111\u1ec3 t\u1ea1o n\u00ean m\u1ed9t s\u1ef1 ki\u1ec7n th\u1eadt \u1ea5n t\u01b0\u1ee3ng v\u00e0 thu h\u00fat.<\/span><\/p>\n<p><img loading=\"lazy\" decoding=\"async\" class=\"aligncenter wp-image-7324 size-large\" src=\"https:\/\/cestlavie.vn\/wp-content\/uploads\/2023\/04\/z3824255007798_435513b7d249d5506137870b5371c191-1024x682.jpg\" alt=\"\" width=\"640\" height=\"426\" srcset=\"https:\/\/cestlavie.vn\/wp-content\/uploads\/2023\/04\/z3824255007798_435513b7d249d5506137870b5371c191-1024x682.jpg 1024w, https:\/\/cestlavie.vn\/wp-content\/uploads\/2023\/04\/z3824255007798_435513b7d249d5506137870b5371c191-300x200.jpg 300w, https:\/\/cestlavie.vn\/wp-content\/uploads\/2023\/04\/z3824255007798_435513b7d249d5506137870b5371c191-768x512.jpg 768w, https:\/\/cestlavie.vn\/wp-content\/uploads\/2023\/04\/z3824255007798_435513b7d249d5506137870b5371c191-1536x1023.jpg 1536w, https:\/\/cestlavie.vn\/wp-content\/uploads\/2023\/04\/z3824255007798_435513b7d249d5506137870b5371c191.jpg 2048w\" sizes=\"auto, (max-width: 640px) 100vw, 640px\" \/><\/p>\n<h2><b>B\u00e1o gi\u00e1 d\u1ecbch v\u1ee5 trang tr\u00ed, thi c\u00f4ng Photo Booth s\u1ef1 ki\u1ec7n t\u1ea1i C&#8217;estlavie<\/b><\/h2>\n<p>N\u1ebfu b\u1ea1n \u0111ang l\u00ean k\u1ebf ho\u1ea1ch t\u1ed5 ch\u1ee9c s\u1ef1 ki\u1ec7n v\u00e0 mu\u1ed1n t\u1ea1o m\u1ed9t kh\u00f4ng gian vui t\u01b0\u01a1i, \u1ea5n t\u01b0\u1ee3ng \u0111\u1ec3 kh\u00e1ch m\u1eddi c\u00f3 nh\u1eefng kho\u1ea3nh kh\u1eafc \u0111\u00e1ng nh\u1edb, th\u00ec d\u1ecbch v\u1ee5 Photobooth s\u1ef1 ki\u1ec7n c\u1ee7a ch\u00fang t\u00f4i s\u1ebd l\u00e0 l\u1ef1a ch\u1ecdn ho\u00e0n h\u1ea3o cho b\u1ea1n. T\u1ea1i Cest La Vie, ch\u00fang t\u00f4i cung c\u1ea5p c\u00e1c lo\u1ea1i Photobooth v\u1edbi thi\u1ebft k\u1ebf, trang tr\u00ed v\u00e0 ch\u1ea5t li\u1ec7u \u0111a d\u1ea1ng, \u0111\u00e1p \u1ee9ng m\u1ecdi y\u00eau c\u1ea7u c\u1ee7a kh\u00e1ch h\u00e0ng. \u0110\u1ed9i ng\u0169 nh\u00e2n vi\u00ean t\u1eadn t\u00e2m v\u00e0 kinh nghi\u1ec7m c\u1ee7a ch\u00fang t\u00f4i s\u1ebd gi\u00fap b\u1ea1n t\u1ea1o n\u00ean m\u1ed9t kh\u00f4ng gian \u0111\u1eb9p m\u1eaft, s\u00e1ng t\u1ea1o v\u00e0 \u0111\u1ea7y \u1ea5n t\u01b0\u1ee3ng cho s\u1ef1 ki\u1ec7n c\u1ee7a b\u1ea1n.<\/p>\n<p>Ch\u00fang t\u00f4i cam k\u1ebft mang \u0111\u1ebfn cho kh\u00e1ch h\u00e0ng d\u1ecbch v\u1ee5 Photobooth s\u1ef1 ki\u1ec7n ch\u1ea5t l\u01b0\u1ee3ng cao v\u1edbi gi\u00e1 c\u1ea3 h\u1ee3p l\u00fd. H\u00e3y li\u00ean h\u1ec7 v\u1edbi ch\u00fang t\u00f4i ngay qua s\u1ed1 hotline: 0935.807.932 \u0111\u1ec3 \u0111\u01b0\u1ee3c t\u01b0 v\u1ea5n chi ti\u1ebft v\u00e0 nh\u1eadn b\u00e1o gi\u00e1 d\u1ecbch v\u1ee5 Photobooth s\u1ef1 ki\u1ec7n. Ch\u00fang t\u00f4i s\u1eb5n s\u00e0ng \u0111\u00e1p \u1ee9ng m\u1ecdi nhu c\u1ea7u c\u1ee7a b\u1ea1n v\u00e0 gi\u00fap b\u1ea1n t\u1ea1o ra nh\u1eefng k\u1ef7 ni\u1ec7m \u0111\u00e1ng nh\u1edb cho s\u1ef1 ki\u1ec7n c\u1ee7a m\u00ecnh.<\/p>\n<p><span data-sheets-value=\"{&quot;1&quot;:2,&quot;2&quot;:&quot;&quot;}\" data-sheets-userformat=\"{&quot;2&quot;:513,&quot;3&quot;:{&quot;1&quot;:0},&quot;12&quot;:0}\"><\/span><\/p>\n","protected":false},"excerpt":{"rendered":"<p>A Photo Booth for events refers to a designated area for taking photos. Here, you and your guests can freely pose for pictures that significantly enhance brand visibility. Additionally, it serves as a place to express the spirit and message of the event.<\/p>\n<p>Are you looking to define a suitable style for your Photo Booth? Don\u2019t worry; we will help you create eye-catching Photo Booth designs that will make your event spectacular and effectively attract customers. Read on to learn more about C\u2019est La Vie\u2019s Photo Booth design services in Da Nang.<\/p>\n","protected":false},"author":1,"featured_media":12913,"parent":0,"menu_order":0,"comment_status":"closed","ping_status":"closed","template":"templates\/module-flexible-content.php","meta":{"footnotes":""},"class_list":["post-15144","page","type-page","status-publish","has-post-thumbnail","hentry","page_category-dich-vu-su-kien"],"acf":[],"_links":{"self":[{"href":"https:\/\/cestlavie.vn\/en\/wp-json\/wp\/v2\/pages\/15144","targetHints":{"allow":["GET"]}}],"collection":[{"href":"https:\/\/cestlavie.vn\/en\/wp-json\/wp\/v2\/pages"}],"about":[{"href":"https:\/\/cestlavie.vn\/en\/wp-json\/wp\/v2\/types\/page"}],"author":[{"embeddable":true,"href":"https:\/\/cestlavie.vn\/en\/wp-json\/wp\/v2\/users\/1"}],"replies":[{"embeddable":true,"href":"https:\/\/cestlavie.vn\/en\/wp-json\/wp\/v2\/comments?post=15144"}],"version-history":[{"count":0,"href":"https:\/\/cestlavie.vn\/en\/wp-json\/wp\/v2\/pages\/15144\/revisions"}],"wp:featuredmedia":[{"embeddable":true,"href":"https:\/\/cestlavie.vn\/en\/wp-json\/wp\/v2\/media\/12913"}],"wp:attachment":[{"href":"https:\/\/cestlavie.vn\/en\/wp-json\/wp\/v2\/media?parent=15144"}],"curies":[{"name":"wp","href":"https:\/\/api.w.org\/{rel}","templated":true}]}}