{"id":15139,"date":"2023-04-25T21:22:09","date_gmt":"2023-04-25T14:22:09","guid":{"rendered":"https:\/\/cestlavie.vn\/dich-vu-cho-thue-chup-hinh-quay-phim-su-kien-cuoi-hoi-tai-da-nang\/"},"modified":"2024-11-05T20:43:58","modified_gmt":"2024-11-05T13:43:58","slug":"photography-and-videography-rental-services-for-events-and-weddings-in-da-nang","status":"publish","type":"page","link":"https:\/\/cestlavie.vn\/en\/photography-and-videography-rental-services-for-events-and-weddings-in-da-nang\/","title":{"rendered":"Event And Wedding Photography And Videography Rental ervices in Da Nang"},"content":{"rendered":"<p><em><strong>\u00a0<a href=\"https:\/\/cestlavie.vn\/cho-thue-chup-hinh-quay-phim-su-kien\/\">Ch\u1ee5p H\u00ecnh Quay Phim S\u1ef1 Ki\u1ec7n <\/a><\/strong>\u00a0l\u00e0 m\u1ed9t ph\u1ea7n quan tr\u1ecdng trong c\u00e1c s\u1ef1 ki\u1ec7n c\u00e1 nh\u00e2n, doanh nghi\u1ec7p v\u00e0 c\u1ed9ng \u0111\u1ed3ng. Tuy nhi\u00ean, kh\u00f4ng ph\u1ea3i ai c\u0169ng c\u00f3 \u0111\u1ee7 k\u1ef9 n\u0103ng, thi\u1ebft b\u1ecb v\u00e0 th\u1eddi gian \u0111\u1ec3 t\u1ef1 th\u1ef1c hi\u1ec7n. V\u00ec v\u1eady, vi\u1ec7c thu\u00ea d\u1ecbch v\u1ee5 ch\u1ee5p h\u00ecnh quay phim l\u00e0 m\u1ed9t gi\u1ea3i ph\u00e1p t\u1ed1i \u01b0u. H\u00e3y \u0111\u1ec3 <a href=\"https:\/\/cestlavie.vn\/en\/\" target=\"_blank\" rel=\"noopener\"><strong>C\u2019est La Vie<\/strong><\/a> gi\u00fap s\u1ef1 ki\u1ec7n c\u1ee7a b\u1ea1n \u0111\u01b0\u1ee3c ghi l\u1ea1i m\u1ed9t c\u00e1ch chuy\u00ean nghi\u1ec7p v\u00e0 \u0111\u00e1ng nh\u1edb v\u1edbi d\u1ecbch v\u1ee5 <strong>quay phim ch\u1ee5p h\u00ecnh s\u1ef1 ki\u1ec7n<\/strong> ch\u1ea5t l\u01b0\u1ee3ng cao.<\/em><\/p>\n<p>&gt;&gt;&gt;&gt; Xem th\u00eam: <strong><a href=\"https:\/\/cestlavie.vn\/photo-booth-su-kien-da-nang\/\">D\u1ecbch v\u1ee5 thi c\u00f4ng Photo Booth s\u1ef1 ki\u1ec7n \u0111\u00e0 n\u1eb5ng<\/a><\/strong><\/p>\n<h2>Khi n\u00e0o n\u00ean s\u1eed d\u1ee5ng d\u1ecbch v\u1ee5 cho thu\u00ea ch\u1ee5p h\u00ecnh quay phim s\u1ef1 ki\u1ec7n?<\/h2>\n<p>Quay phim ch\u1ee5p \u1ea3nh s\u1ef1 ki\u1ec7n gi\u00fap b\u1ea1n ghi l\u1ea1i nh\u1eefng kho\u1ea3nh kh\u1eafc \u0111\u00e1ng nh\u1edb v\u00e0 t\u1ea1o n\u00ean nh\u1eefng s\u1ea3n ph\u1ea9m c\u00f3 t\u00ednh ngh\u1ec7 thu\u1eadt cao. C\u00f3 r\u1ea5t nhi\u1ec1u s\u1ef1 ki\u1ec7n c\u1ea7n ph\u1ea3i thu\u00ea \u0111\u1ed9i ng\u0169 quay phim ch\u1ee5p \u1ea3nh chuy\u00ean nghi\u1ec7p. H\u00e3y c\u00f9ng <strong>C&#8217;est La Vie<\/strong> \u0111i\u1ec3m qua m\u1ed9t s\u1ed1 s\u1ef1 ki\u1ec7n n\u1ed5i b\u1eadt d\u01b0\u1edbi \u0111\u00e2y nh\u00e9!<\/p>\n<h3>Ch\u1ee5p h\u00ecnh quay phim c\u00e1 nh\u00e2n<\/h3>\n<p><span style=\"font-weight: 400;\">Ch\u1ee5p h\u00ecnh quay phim bao g\u1ed3m c\u00e1c s\u1ef1 ki\u1ec7n nh\u01b0 l\u1ec5 h\u1ecfi, l\u1ec5 c\u01b0\u1edbi, sinh nh\u1eadt, v\u00e0 c\u00e1c d\u1ecbp \u0111\u1eb7c bi\u1ec7t kh\u00e1c. Nh\u1eefng ng\u01b0\u1eddi th\u1ee3 chuy\u00ean nghi\u1ec7p s\u1ebd \u0111\u1ea3m b\u1ea3o r\u1eb1ng c\u00e1c b\u1ee9c \u1ea3nh v\u00e0 video s\u1ebd \u0111\u01b0\u1ee3c ch\u1ee5p \u0111\u00fang c\u00e1ch v\u00e0 v\u1edbi ch\u1ea5t l\u01b0\u1ee3ng t\u1ed1t nh\u1ea5t. H\u1ecd c\u0169ng c\u00f3 th\u1ec3 t\u1ea1o n\u00ean nh\u1eefng b\u1ed9 \u1ea3nh hay \u0111o\u1ea1n phim mang phong c\u00e1ch ri\u00eang c\u1ee7a b\u1ea1n. B\u1ea1n ch\u1ec9 c\u1ea7n t\u1eadp trung v\u00e0o s\u1ef1 ki\u1ec7n v\u00e0 t\u1eadn h\u01b0\u1edfng m\u00e0 th\u00f4i.<\/span><\/p>\n<figure id=\"attachment_6198\" aria-describedby=\"caption-attachment-6198\" style=\"width: 1200px\" class=\"wp-caption aligncenter\"><img loading=\"lazy\" decoding=\"async\" class=\"wp-image-6198 size-full\" src=\"https:\/\/cestlavie.vn\/wp-content\/uploads\/2023\/02\/chup-hinh-quay-phim-su-kien-1.png\" alt=\"Ch\u1ee5p h\u00ecnh \u0111\u00e1m c\u01b0\u1edbi, sinh nh\u1eadt\" width=\"1200\" height=\"778\" srcset=\"https:\/\/cestlavie.vn\/wp-content\/uploads\/2023\/02\/chup-hinh-quay-phim-su-kien-1.png 1200w, https:\/\/cestlavie.vn\/wp-content\/uploads\/2023\/02\/chup-hinh-quay-phim-su-kien-1-300x195.png 300w, https:\/\/cestlavie.vn\/wp-content\/uploads\/2023\/02\/chup-hinh-quay-phim-su-kien-1-768x498.png 768w, https:\/\/cestlavie.vn\/wp-content\/uploads\/2023\/02\/chup-hinh-quay-phim-su-kien-1-1024x664.png 1024w\" sizes=\"auto, (max-width: 1200px) 100vw, 1200px\" \/><figcaption id=\"caption-attachment-6198\" class=\"wp-caption-text\">Ch\u1ee5p h\u00ecnh quay phim s\u1ef1 ki\u1ec7n c\u00e1 nh\u00e2n<\/figcaption><\/figure>\n<h3>Ch\u1ee5p h\u00ecnh quay phim s\u1ef1 ki\u1ec7n doanh nghi\u1ec7p<\/h3>\n<p>Ch\u1ee5p h\u00ecnh quay phim s\u1ef1 ki\u1ec7n doanh nghi\u1ec7p l\u00e0 m\u1ed9t ph\u1ea7n quan tr\u1ecdng c\u1ee7a c\u00e1c s\u1ef1 ki\u1ec7n qu\u1ea3ng b\u00e1, tri\u1ec3n l\u00e3m, h\u1ed9i ngh\u1ecb, khai tr\u01b0\u01a1ng v\u00e0 c\u00e1c d\u1ecbp \u0111\u1eb7c bi\u1ec7t kh\u00e1c c\u1ee7a doanh nghi\u1ec7p. Nh\u1eefng b\u1ee9c \u1ea3nh v\u00e0 video ch\u1ea5t l\u01b0\u1ee3ng gi\u00fap doanh nghi\u1ec7p t\u1ea1o ra n\u1ed9i dung qu\u1ea3ng c\u00e1o chuy\u00ean nghi\u1ec7p v\u00e0 thu h\u00fat kh\u00e1ch h\u00e0ng. \u0110\u1ed3ng th\u1eddi, gi\u00fap doanh nghi\u1ec7p qu\u1ea3ng b\u00e1 s\u1ea3n ph\u1ea9m v\u00e0 d\u1ecbch v\u1ee5 m\u1ed9t c\u00e1ch hi\u1ec7u qu\u1ea3 h\u01a1n. Ch\u00fang c\u00f2n gi\u00fap thu h\u00fat l\u01b0\u1ee3ng t\u01b0\u01a1ng t\u00e1c cao tr\u00ean m\u1ea1ng x\u00e3 h\u1ed9i.<\/p>\n<div class=\"mceTemp\"><\/div>\n<figure id=\"attachment_6203\" aria-describedby=\"caption-attachment-6203\" style=\"width: 1500px\" class=\"wp-caption aligncenter\"><img loading=\"lazy\" decoding=\"async\" class=\"wp-image-6203 size-full\" src=\"https:\/\/cestlavie.vn\/wp-content\/uploads\/2023\/02\/chup-hinh-quay-phim-su-kien-6.jpg\" alt=\"S\u1ef1 ki\u1ec7n doanh nghi\u1ec7p\" width=\"1500\" height=\"990\" srcset=\"https:\/\/cestlavie.vn\/wp-content\/uploads\/2023\/02\/chup-hinh-quay-phim-su-kien-6.jpg 1500w, https:\/\/cestlavie.vn\/wp-content\/uploads\/2023\/02\/chup-hinh-quay-phim-su-kien-6-300x198.jpg 300w, https:\/\/cestlavie.vn\/wp-content\/uploads\/2023\/02\/chup-hinh-quay-phim-su-kien-6-768x507.jpg 768w, https:\/\/cestlavie.vn\/wp-content\/uploads\/2023\/02\/chup-hinh-quay-phim-su-kien-6-1024x676.jpg 1024w\" sizes=\"auto, (max-width: 1500px) 100vw, 1500px\" \/><figcaption id=\"caption-attachment-6203\" class=\"wp-caption-text\">Ch\u1ee5p \u1ea3nh quay phim s\u1ef1 ki\u1ec7n doanh nghi\u1ec7p<\/figcaption><\/figure>\n<h3>Ch\u1ee5p h\u00ecnh quay phim s\u1ef1 ki\u1ec7n c\u1ed9ng \u0111\u1ed3ng<\/h3>\n<p>\u0110\u00e2y l\u00e0 m\u1ed9t ph\u1ea7n quan tr\u1ecdng c\u1ee7a c\u00e1c s\u1ef1 ki\u1ec7n v\u0103n h\u00f3a, \u00e2m nh\u1ea1c, l\u1ec5 h\u1ed9i, du l\u1ecbch,&#8230; Vi\u1ec7c c\u00f3 nh\u1eefng b\u1ee9c \u1ea3nh v\u00e0 \u0111o\u1ea1n video ch\u1ea5t l\u01b0\u1ee3ng cao s\u1ebd gi\u00fap ghi l\u1ea1i nh\u1eefng kho\u1ea3nh kh\u1eafc \u0111\u00e1ng nh\u1edb c\u1ee7a c\u1ed9ng \u0111\u1ed3ng. \u0110\u1ed3ng th\u1eddi c\u00f3 th\u1ec3 gi\u1edbi thi\u1ec7u \u0111\u1ebfn kh\u00e1n gi\u1ea3 nhi\u1ec1u v\u0103n h\u00f3a v\u00e0 truy\u1ec1n th\u1ed1ng \u0111\u1eb7c s\u1eafc c\u1ee7a \u0111\u1ecba ph\u01b0\u01a1ng.<\/p>\n<figure id=\"attachment_6202\" aria-describedby=\"caption-attachment-6202\" style=\"width: 1001px\" class=\"wp-caption aligncenter\"><img loading=\"lazy\" decoding=\"async\" class=\"wp-image-6202 size-full\" src=\"https:\/\/cestlavie.vn\/wp-content\/uploads\/2023\/02\/chup-hinh-quay-phim-su-kien-5.jpg\" alt=\"Ho\u1ea1t \u0111\u1ed9ng c\u1ed9ng \u0111\u1ed3ng\" width=\"1001\" height=\"567\" srcset=\"https:\/\/cestlavie.vn\/wp-content\/uploads\/2023\/02\/chup-hinh-quay-phim-su-kien-5.jpg 1001w, https:\/\/cestlavie.vn\/wp-content\/uploads\/2023\/02\/chup-hinh-quay-phim-su-kien-5-300x170.jpg 300w, https:\/\/cestlavie.vn\/wp-content\/uploads\/2023\/02\/chup-hinh-quay-phim-su-kien-5-768x435.jpg 768w\" sizes=\"auto, (max-width: 1001px) 100vw, 1001px\" \/><figcaption id=\"caption-attachment-6202\" class=\"wp-caption-text\">Ch\u1ee5p h\u00ecnh quay phim s\u1ef1 ki\u1ec7n c\u1ed9ng \u0111\u1ed3ng<\/figcaption><\/figure>\n<h2>L\u00fd do n\u00ean s\u1eed d\u1ee5ng d\u1ecbch v\u1ee5 cho thu\u00ea ch\u1ee5p h\u00ecnh quay phim s\u1ef1 ki\u1ec7n t\u1ea1i C&#8217;est La Vie<\/h2>\n<p>\u0110\u1ec3 ch\u1eafc ch\u1eafn r\u1eb1ng s\u1ef1 ki\u1ec7n c\u1ee7a b\u1ea1n \u0111\u01b0\u1ee3c ghi l\u1ea1i \u0111\u1ea7y \u0111\u1ee7 v\u00e0 ch\u1ea5t l\u01b0\u1ee3ng, s\u1eed d\u1ee5ng d\u1ecbch v\u1ee5 cho thu\u00ea ch\u1ee5p h\u00ecnh quay phim event t\u1ea1i <strong>C&#8217;est La Vie<\/strong> l\u00e0 l\u1ef1a ch\u1ecdn tuy\u1ec7t v\u1eddi. D\u01b0\u1edbi \u0111\u00e2y l\u00e0 nh\u1eefng l\u00fd do n\u00ean l\u1ef1a ch\u1ecdn d\u1ecbch v\u1ee5 c\u1ee7a ch\u00fang t\u00f4i:<\/p>\n<h3>Cung c\u1ea5p d\u1ecbch v\u1ee5 cho thu\u00ea ch\u1ee5p h\u00ecnh quay phim event uy t\u00edn t\u1ea1i \u0110\u00e0 N\u1eb5ng<\/h3>\n<p><span style=\"font-weight: 400;\">V\u1edbi nhi\u1ec1u n\u0103m kinh nghi\u1ec7m trong l\u0129nh v\u1ef1c t\u1ed5 ch\u1ee9c s\u1ef1 ki\u1ec7n, <strong>C&#8217;est La Vie<\/strong> \u0111\u00e3 tr\u1edf th\u00e0nh \u0111\u1ecba ch\u1ec9 tin c\u1eady cho nhi\u1ec1u kh\u00e1ch h\u00e0ng t\u1ea1i \u0110\u00e0 N\u1eb5ng. Ch\u00fang t\u00f4i cam k\u1ebft cung c\u1ea5p d\u1ecbch v\u1ee5 ch\u1ea5t l\u01b0\u1ee3ng v\u00e0 \u0111\u00e1p \u1ee9ng t\u1ed1i \u0111a nhu c\u1ea7u c\u1ee7a kh\u00e1ch h\u00e0ng.<\/span><\/p>\n<div class=\"mceTemp\"><\/div>\n<div class=\"mceTemp\"><\/div>\n<figure id=\"attachment_6201\" aria-describedby=\"caption-attachment-6201\" style=\"width: 1024px\" class=\"wp-caption aligncenter\"><img loading=\"lazy\" decoding=\"async\" class=\"wp-image-6201 size-full\" src=\"https:\/\/cestlavie.vn\/wp-content\/uploads\/2023\/02\/chup-hinh-quay-phim-su-kien-4.jpg\" alt=\"Cho thu\u00ea ch\u1ee5p \u1ea3nh quay phim s\u1ef1 ki\u1ec7n\" width=\"1024\" height=\"624\" srcset=\"https:\/\/cestlavie.vn\/wp-content\/uploads\/2023\/02\/chup-hinh-quay-phim-su-kien-4.jpg 1024w, https:\/\/cestlavie.vn\/wp-content\/uploads\/2023\/02\/chup-hinh-quay-phim-su-kien-4-300x183.jpg 300w, https:\/\/cestlavie.vn\/wp-content\/uploads\/2023\/02\/chup-hinh-quay-phim-su-kien-4-768x468.jpg 768w\" sizes=\"auto, (max-width: 1024px) 100vw, 1024px\" \/><figcaption id=\"caption-attachment-6201\" class=\"wp-caption-text\">Ch\u1ee5p \u1ea3nh quay phim s\u1ef1 ki\u1ec7n \u0110\u00e0 N\u1eb5ng<\/figcaption><\/figure>\n<h3>\u0110\u1ed9i ng\u0169 th\u1ee3 quay phim ch\u1ee5p h\u00ecnh nhi\u1ec1u kinh nghi\u1ec7m<\/h3>\n<p><span style=\"font-weight: 400;\"><strong>C&#8217;est La Vie<\/strong> s\u1edf h\u1eefu nh\u1eefng chuy\u00ean gia c\u00f3 nhi\u1ec1u kinh nghi\u1ec7m v\u00e0 tay ngh\u1ec1 cao. Ch\u00fang t\u00f4i \u0111\u1ea3m b\u1ea3o s\u1ef1 ki\u1ec7n c\u1ee7a b\u1ea1n s\u1ebd \u0111\u01b0\u1ee3c ghi l\u1ea1i b\u1eb1ng nh\u1eefng b\u1ee9c \u1ea3nh v\u00e0 video ch\u1ea5t l\u01b0\u1ee3ng, \u0111\u1ea7y \u0111\u1ee7 v\u00e0 \u1ea5n t\u01b0\u1ee3ng.<\/span><\/p>\n<h3>Trang thi\u1ebft b\u1ecb quay phim ch\u1ee5p \u1ea3nh s\u1ef1 ki\u1ec7n ch\u1ea5t l\u01b0\u1ee3ng cao<\/h3>\n<p><span style=\"font-weight: 400;\">T\u1ea1i <strong>C&#8217;est La Vie<\/strong>, ch\u00fang t\u00f4i s\u1edf h\u1eefu m\u1ed9t trang thi\u1ebft b\u1ecb ch\u1ea5t l\u01b0\u1ee3ng cao, \u0111\u00e1p \u1ee9ng m\u1ecdi nhu c\u1ea7u c\u1ee7a kh\u00e1ch h\u00e0ng. B\u00ean c\u1ea1nh \u0111\u00f3, ch\u00fang t\u00f4i c\u00f2n th\u01b0\u1eddng xuy\u00ean n\u00e2ng c\u1ea5p thi\u1ebft b\u1ecb \u0111\u1ec3 \u0111\u1ea3m b\u1ea3o cho kh\u00e1ch h\u00e0ng lu\u00f4n nh\u1eadn \u0111\u01b0\u1ee3c nh\u1eefng s\u1ea3n ph\u1ea9m ch\u1ea5t l\u01b0\u1ee3ng nh\u1ea5t.<\/span><\/p>\n<h3>H\u00ecnh \u1ea3nh v\u00e0 video ch\u1ea5t l\u01b0\u1ee3ng, r\u00f5 n\u00e9t, b\u1eaft tr\u1ecdn kho\u1ea3nh kh\u1eafc \u0111\u00e1ng gi\u00e1<\/h3>\n<div class=\"mceTemp\"><\/div>\n<figure id=\"attachment_6200\" aria-describedby=\"caption-attachment-6200\" style=\"width: 722px\" class=\"wp-caption aligncenter\"><img loading=\"lazy\" decoding=\"async\" class=\"wp-image-6200 size-full\" src=\"https:\/\/cestlavie.vn\/wp-content\/uploads\/2023\/02\/chup-hinh-quay-phim-su-kien-3.jpg\" alt=\"Cho thu\u00ea ch\u1ee5p \u1ea3nh quay phim s\u1ef1 ki\u1ec7n\" width=\"722\" height=\"300\" srcset=\"https:\/\/cestlavie.vn\/wp-content\/uploads\/2023\/02\/chup-hinh-quay-phim-su-kien-3.jpg 722w, https:\/\/cestlavie.vn\/wp-content\/uploads\/2023\/02\/chup-hinh-quay-phim-su-kien-3-300x125.jpg 300w\" sizes=\"auto, (max-width: 722px) 100vw, 722px\" \/><figcaption id=\"caption-attachment-6200\" class=\"wp-caption-text\">Cho thu\u00ea ch\u1ee5p \u1ea3nh quay phim s\u1ef1 ki\u1ec7n<\/figcaption><\/figure>\n<p><span style=\"font-weight: 400;\">Khi s\u1eed d\u1ee5ng d\u1ecbch v\u1ee5 cho thu\u00ea ch\u1ee5p h\u00ecnh quay phim s\u1ef1 ki\u1ec7n t\u1ea1i <strong>C&#8217;est La Vie<\/strong>, kh\u00e1ch h\u00e0ng s\u1ebd \u0111\u01b0\u1ee3c \u0111\u1ea3m b\u1ea3o v\u1ec1 ch\u1ea5t l\u01b0\u1ee3ng h\u00ecnh \u1ea3nh v\u00e0 video. Ch\u00fang t\u00f4i cam k\u1ebft s\u1ebd b\u1eaft tr\u1ecdn nh\u1eefng kho\u1ea3nh kh\u1eafc \u0111\u00e1ng gi\u00e1. T\u1eeb \u0111\u00f3 t\u1ea1o n\u00ean nh\u1eefng s\u1ea3n ph\u1ea9m \u0111\u1eb9p v\u00e0 \u00fd ngh\u0129a cho s\u1ef1 ki\u1ec7n c\u1ee7a b\u1ea1n.<\/span><\/p>\n<h2>Quy tr\u00ecnh thu\u00ea ch\u1ee5p h\u00ecnh quay phim event t\u1ea1i C\u2019est La Vie<\/h2>\n<p><span style=\"font-weight: 400;\">Khi qu\u00fd kh\u00e1ch h\u00e0ng quy\u1ebft \u0111\u1ecbnh s\u1eed d\u1ee5ng d\u1ecbch v\u1ee5 cho thu\u00ea ch\u1ee5p h\u00ecnh quay phim t\u1ea1i <strong>C\u2019est La Vie<\/strong>, ch\u00fang t\u00f4i cam k\u1ebft s\u1ebd cung c\u1ea5p cho qu\u00fd kh\u00e1ch h\u00e0ng quy tr\u00ecnh thu\u00ea d\u1ecbch v\u1ee5 \u0111\u01a1n gi\u1ea3n v\u00e0 thu\u1eadn ti\u1ec7n. D\u01b0\u1edbi \u0111\u00e2y l\u00e0 quy tr\u00ecnh thu\u00ea d\u1ecbch v\u1ee5 cho thu\u00ea ch\u1ee5p h\u00ecnh quay phim t\u1ea1i <strong>C\u2019est La Vie<\/strong>:<\/span><\/p>\n<ul>\n<li><span style=\"font-weight: 400;\"><strong>B\u01b0\u1edbc 1<\/strong>: Li\u00ean h\u1ec7 v\u1edbi ch\u00fang t\u00f4i \u0111\u1ec3 \u0111\u01b0\u1ee3c t\u01b0 v\u1ea5n v\u00e0 b\u00e1o gi\u00e1. Qu\u00fd kh\u00e1ch h\u00e0ng c\u00f3 th\u1ec3 li\u00ean h\u1ec7 qua s\u1ed1 \u0111i\u1ec7n tho\u1ea1i, email ho\u1eb7c \u0111\u1ebfn tr\u1ef1c ti\u1ebfp t\u1ea1i \u0111\u1ecba ch\u1ec9 c\u1ee7a <strong>C\u2019est La Vie<\/strong>.<\/span><\/li>\n<li><span style=\"font-weight: 400;\"><strong>B\u01b0\u1edbc 2<\/strong>: Th\u1ed1ng nh\u1ea5t y\u00eau c\u1ea7u v\u00e0 th\u1eddi gian d\u1ecbch v\u1ee5. Sau khi ti\u1ebfp nh\u1eadn y\u00eau c\u1ea7u c\u1ee7a qu\u00fd kh\u00e1ch h\u00e0ng, ch\u00fang t\u00f4i s\u1ebd t\u01b0 v\u1ea5n v\u00e0 th\u1ed1ng nh\u1ea5t th\u1eddi gian c\u0169ng nh\u01b0 y\u00eau c\u1ea7u chi ti\u1ebft c\u1ee7a d\u1ecbch v\u1ee5.<\/span><\/li>\n<li><span style=\"font-weight: 400;\"><strong>B\u01b0\u1edbc 3<\/strong>: K\u00fd h\u1ee3p \u0111\u1ed3ng v\u00e0 thanh to\u00e1n. Sau khi th\u1ed1ng nh\u1ea5t y\u00eau c\u1ea7u v\u00e0 th\u1eddi gian d\u1ecbch v\u1ee5, ch\u00fang t\u00f4i s\u1ebd l\u1eadp h\u1ee3p \u0111\u1ed3ng chi ti\u1ebft. Qu\u00fd kh\u00e1ch h\u00e0ng c\u1ea7n thanh to\u00e1n m\u1ed9t kho\u1ea3n \u0111\u1eb7t c\u1ecdc \u0111\u1ec3 \u0111\u1ea3m b\u1ea3o ch\u1ed7 trong l\u1ecbch tr\u00ecnh c\u1ee7a ch\u00fang t\u00f4i.<\/span><\/li>\n<li><span style=\"font-weight: 400;\"><strong>B\u01b0\u1edbc 4<\/strong>: \u0110\u1ed9i ng\u0169 th\u1ee3 s\u1ebd \u0111\u1ebfn \u0111\u1ecba \u0111i\u1ec3m c\u1ee7a s\u1ef1 ki\u1ec7n \u0111\u1ec3 th\u1ef1c hi\u1ec7n d\u1ecbch v\u1ee5 ch\u1ee5p h\u00ecnh quay phim.<\/span><\/li>\n<li><span style=\"font-weight: 400;\"><strong>B\u01b0\u1edbc 5<\/strong>: G\u1eedi th\u00e0nh ph\u1ea9m v\u00e0 thanh to\u00e1n. Sau khi ho\u00e0n th\u00e0nh d\u1ecbch v\u1ee5, ch\u00fang t\u00f4i s\u1ebd giao s\u1ea3n ph\u1ea9m cho qu\u00fd kh\u00e1ch h\u00e0ng v\u00e0 thanh to\u00e1n kho\u1ea3n c\u00f2n l\u1ea1i c\u1ee7a h\u1ee3p \u0111\u1ed3ng.<\/span><\/li>\n<\/ul>\n<h2>B\u00e1o gi\u00e1 thu\u00ea quay phim ch\u1ee5p \u1ea3nh s\u1ef1 ki\u1ec7n t\u1ea1i C\u2019est La Vie<\/h2>\n<p><span style=\"font-weight: 400;\"><strong>C\u2019est La Vie<\/strong> cam k\u1ebft s\u1ebd cung c\u1ea5p cho qu\u00fd kh\u00e1ch h\u00e0ng b\u00e1o gi\u00e1 cho thu\u00ea ch\u1ee5p h\u00ecnh quay phim s\u1ef1 ki\u1ec7n v\u1edbi gi\u00e1 c\u1ea3 ph\u1ea3i ch\u0103ng, c\u1ea1nh tranh v\u00e0 h\u1ee3p l\u00fd. Ch\u00fang t\u00f4i s\u1ebd t\u01b0 v\u1ea5n v\u00e0 th\u1ed1ng nh\u1ea5t y\u00eau c\u1ea7u c\u1ee7a b\u1ea1n \u0111\u1ec3 b\u00e1o gi\u00e1 chi ti\u1ebft v\u00e0 r\u00f5 r\u00e0ng.<\/span><\/p>\n<p><span style=\"font-weight: 400;\">D\u01b0\u1edbi \u0111\u00e2y l\u00e0 c\u00e1c g\u00f3i d\u1ecbch v\u1ee5 tham kh\u1ea3o. Gi\u00e1 th\u1ef1c t\u1ebf c\u00f3 th\u1ec3 thay \u0111\u1ed5i trong c\u00e1c tr\u01b0\u1eddng h\u1ee3p c\u1ee5 th\u1ec3.<\/span><\/p>\n<h3>Cho thu\u00ea ch\u1ee5p \u1ea3nh s\u1ef1 ki\u1ec7n:<\/h3>\n<ul>\n<li><span style=\"font-weight: 400;\">G\u00f3i 1: 3.000.000 VN\u0110 (t\u1ed1i \u0111a 3 gi\u1edd, t\u1ed1i thi\u1ec3u 100 t\u1ea5m \u1ea3nh)<\/span><\/li>\n<li><span style=\"font-weight: 400;\">G\u00f3i 2: 5.000.000 VN\u0110 (t\u1ed1i \u0111a 5 gi\u1edd, t\u1ed1i thi\u1ec3u 200 t\u1ea5m \u1ea3nh)<\/span><\/li>\n<li><span style=\"font-weight: 400;\">G\u00f3i 3: 8.000.000 VN\u0110 (t\u1ed1i \u0111a 8 gi\u1edd, t\u1ed1i thi\u1ec3u 300 t\u1ea5m \u1ea3nh)<\/span><\/li>\n<\/ul>\n<h3>Cho thu\u00ea quay phim s\u1ef1 ki\u1ec7n:<\/h3>\n<ul>\n<li><span style=\"font-weight: 400;\">G\u00f3i 1: 5.000.000 VN\u0110 (t\u1ed1i \u0111a 3 gi\u1edd, video d\u00e0i t\u1ed1i \u0111a 5 ph\u00fat)<\/span><\/li>\n<li><span style=\"font-weight: 400;\">G\u00f3i 2: 8.000.000 VN\u0110 (t\u1ed1i \u0111a 5 gi\u1edd, video d\u00e0i t\u1ed1i \u0111a 10 ph\u00fat)<\/span><\/li>\n<li><span style=\"font-weight: 400;\">G\u00f3i 3: 12.000.000 VN\u0110 (t\u1ed1i \u0111a 8 gi\u1edd, video d\u00e0i t\u1ed1i \u0111a 20 ph\u00fat)<\/span><\/li>\n<\/ul>\n<h3>Cho thu\u00ea ch\u1ee5p h\u00ecnh v\u00e0 quay phim s\u1ef1 ki\u1ec7n:<\/h3>\n<ul>\n<li><span style=\"font-weight: 400;\">G\u00f3i 1: 6.000.000 VN\u0110 (t\u1ed1i \u0111a 3 gi\u1edd, t\u1ed1i thi\u1ec3u 100 t\u1ea5m \u1ea3nh v\u00e0 video d\u00e0i t\u1ed1i \u0111a 5 ph\u00fat)<\/span><\/li>\n<li><span style=\"font-weight: 400;\">G\u00f3i 2: 10.000.000 VN\u0110 (t\u1ed1i \u0111a 5 gi\u1edd, t\u1ed1i thi\u1ec3u 200 t\u1ea5m \u1ea3nh v\u00e0 video d\u00e0i t\u1ed1i \u0111a 10 ph\u00fat)<\/span><\/li>\n<li><span style=\"font-weight: 400;\">G\u00f3i 3: 15.000.000 VN\u0110 (t\u1ed1i \u0111a 8 gi\u1edd, t\u1ed1i thi\u1ec3u 300 t\u1ea5m \u1ea3nh v\u00e0 video d\u00e0i t\u1ed1i \u0111a 20 ph\u00fat)<\/span><\/li>\n<\/ul>\n<p><span style=\"font-weight: 400;\">L\u01b0u \u00fd: Gi\u00e1 tr\u00ean \u0111\u00e3 bao g\u1ed3m thu\u1ebf VAT v\u00e0 ph\u00ed di chuy\u1ec3n trong \u0110\u00e0 N\u1eb5ng. N\u1ebfu qu\u00fd kh\u00e1ch c\u00f3 nhu c\u1ea7u s\u1eed d\u1ee5ng d\u1ecbch v\u1ee5 ngo\u00e0i \u0110\u00e0 N\u1eb5ng, ph\u00ed di chuy\u1ec3n s\u1ebd \u0111\u01b0\u1ee3c t\u00ednh ri\u00eang. Ch\u00fang t\u00f4i c\u0169ng cung c\u1ea5p c\u00e1c g\u00f3i d\u1ecbch v\u1ee5 t\u00f9y ch\u1ec9nh theo y\u00eau c\u1ea7u c\u1ee7a kh\u00e1ch h\u00e0ng.<\/span><\/p>\n<p><span style=\"font-weight: 400;\">N\u1ebfu qu\u00fd kh\u00e1ch c\u00f3 b\u1ea5t k\u1ef3 c\u00e2u h\u1ecfi n\u00e0o v\u1ec1 b\u1ea3ng gi\u00e1 hay d\u1ecbch v\u1ee5 c\u1ee7a ch\u00fang t\u00f4i, vui l\u00f2ng li\u00ean h\u1ec7 v\u1edbi ch\u00fang t\u00f4i theo th\u00f4ng tin b\u00ean d\u01b0\u1edbi. <em><a href=\"https:\/\/cestlavie.vn\/en\/\" target=\"_blank\" rel=\"noopener\"><strong>C\u2019est La Vie<\/strong><\/a><\/em> s\u1ebd tr\u1ea3 l\u1eddi s\u1edbm nh\u1ea5t c\u00f3 th\u1ec3.<\/span><\/p>\n<p><span data-sheets-value=\"{&quot;1&quot;:2,&quot;2&quot;:&quot;&quot;}\" data-sheets-userformat=\"{&quot;2&quot;:513,&quot;3&quot;:{&quot;1&quot;:0},&quot;12&quot;:0}\"><\/span><\/p>\n","protected":false},"excerpt":{"rendered":"<p>Event Photography and Videography is an important part of personal, corporate and community events. However, not everyone has the skills, equipment and time to do it themselves. Therefore, hiring a photography and videography service is an optimal solution. Let C\u2019est La Vie help your event be recorded professionally and memorable with high-quality event photography and videography services.<\/p>\n","protected":false},"author":16,"featured_media":12785,"parent":0,"menu_order":0,"comment_status":"closed","ping_status":"closed","template":"templates\/module-flexible-content.php","meta":{"footnotes":""},"class_list":["post-15139","page","type-page","status-publish","has-post-thumbnail","hentry","page_category-dich-vu-su-kien"],"acf":[],"_links":{"self":[{"href":"https:\/\/cestlavie.vn\/en\/wp-json\/wp\/v2\/pages\/15139","targetHints":{"allow":["GET"]}}],"collection":[{"href":"https:\/\/cestlavie.vn\/en\/wp-json\/wp\/v2\/pages"}],"about":[{"href":"https:\/\/cestlavie.vn\/en\/wp-json\/wp\/v2\/types\/page"}],"author":[{"embeddable":true,"href":"https:\/\/cestlavie.vn\/en\/wp-json\/wp\/v2\/users\/16"}],"replies":[{"embeddable":true,"href":"https:\/\/cestlavie.vn\/en\/wp-json\/wp\/v2\/comments?post=15139"}],"version-history":[{"count":0,"href":"https:\/\/cestlavie.vn\/en\/wp-json\/wp\/v2\/pages\/15139\/revisions"}],"wp:featuredmedia":[{"embeddable":true,"href":"https:\/\/cestlavie.vn\/en\/wp-json\/wp\/v2\/media\/12785"}],"wp:attachment":[{"href":"https:\/\/cestlavie.vn\/en\/wp-json\/wp\/v2\/media?parent=15139"}],"curies":[{"name":"wp","href":"https:\/\/api.w.org\/{rel}","templated":true}]}}