{"id":14938,"date":"2023-04-05T16:31:45","date_gmt":"2023-04-05T09:31:45","guid":{"rendered":"https:\/\/cestlavie.vn\/trang-tri-xe-hoa-da-nang\/"},"modified":"2024-11-04T16:24:43","modified_gmt":"2024-11-04T09:24:43","slug":"wedding-car-decoration-da-nang","status":"publish","type":"page","link":"https:\/\/cestlavie.vn\/en\/wedding-car-decoration-da-nang\/","title":{"rendered":"Wedding Car Decoration and Bride Transportation Services in Da Nang"},"content":{"rendered":"<p><em>Vi\u1ec7c thu\u00ea xe hoa \u0111\u1ed9c l\u1ea1 \u0111\u00e3 v\u00e0 \u0111ang tr\u1edf th\u00e0nh m\u1ed9t xu h\u01b0\u1edbng m\u1edbi trong c\u00e1c nghi th\u1ee9c c\u01b0\u1edbi h\u1ecfi t\u1ea1i Vi\u1ec7t Nam. Trang tr\u00ed xe hoa \u0111\u1ed9c l\u1ea1 gi\u00fap cho ng\u00e0y tr\u1ecdng \u0111\u1ea1i c\u1ee7a b\u1ea1n tr\u1edf n\u00ean \u0111\u1eb7c bi\u1ec7t v\u00e0 ghi d\u1ea5u \u1ea5n \u0111\u1eadm n\u00e9t trong k\u00fd \u1ee9c c\u1ee7a m\u1ed7i ng\u01b0\u1eddi. Tham kh\u1ea3o ngay <strong><a href=\"https:\/\/cestlavie.vn\/trang-tri-xe-hoa-da-nang\/\" target=\"_blank\" rel=\"noopener\">D\u1ecbch v\u1ee5 trang tr\u00ed xe hoa \u0111\u1ed9c l\u1ea1 \u0110\u00e0 N\u1eb5ng<\/a> <\/strong>c\u1ee7a <strong><a href=\"https:\/\/cestlavie.vn\/en\/\" target=\"_blank\" rel=\"noopener\">C&#8217;est La Vie<\/a> <\/strong>d\u01b0\u1edbi \u0111\u00e2y!<\/em><\/p>\n<p><img loading=\"lazy\" decoding=\"async\" class=\"aligncenter wp-image-6337 size-full\" src=\"https:\/\/cestlavie.vn\/wp-content\/uploads\/2023\/02\/trang-tri-xe-cuoi-dep-bang-hoa-gia-1.jpg\" alt=\"trang tr\u00ed xe hoa \u0111\u1ed9c l\u1ea1 \" width=\"600\" height=\"400\" srcset=\"https:\/\/cestlavie.vn\/wp-content\/uploads\/2023\/02\/trang-tri-xe-cuoi-dep-bang-hoa-gia-1.jpg 600w, https:\/\/cestlavie.vn\/wp-content\/uploads\/2023\/02\/trang-tri-xe-cuoi-dep-bang-hoa-gia-1-300x200.jpg 300w\" sizes=\"auto, (max-width: 600px) 100vw, 600px\" \/><\/p>\n<p>&gt;&gt;&gt;&gt; Xem th\u00eam: <strong><a href=\"https:\/\/cestlavie.vn\/trang-tri-dam-cuoi\/\">D\u1ecbch v\u1ee5 trang tr\u00ed \u0111\u00e1m c\u01b0\u1edbi<\/a><\/strong><\/p>\n<h2><span style=\"font-weight: 500;\"><strong>C\u2019est Lavie g\u1ee3i \u00fd cho b\u1ea1n nh\u1eefng m\u1eabu trang tr\u00ed xe hoa \u0111\u1ed9c l\u1ea1<\/strong><\/span><\/h2>\n<div class=\"flex-1 overflow-hidden\">\n<div class=\"react-scroll-to-bottom--css-ebjed-79elbk h-full dark:bg-gray-800\">\n<h3 class=\"react-scroll-to-bottom--css-ebjed-1n7m0yu\"><strong>Trang tr\u00ed xe hoa v\u1edbi tr\u00e1i c\u00e2y t\u01b0\u01a1i<\/strong><\/h3>\n<p>Tr\u00e1i c\u00e2y t\u01b0\u01a1i l\u00e0 m\u1ed9t \u00fd t\u01b0\u1edfng m\u1edbi l\u1ea1 v\u00e0 s\u00e1ng t\u1ea1o \u0111\u1ec3 t\u0103ng th\u00eam t\u00ednh \u1ea5n t\u01b0\u1ee3ng v\u00e0 s\u1ef1 kh\u00e1c bi\u1ec7t cho chi\u1ebfc xe hoa c\u1ee7a b\u1ea1n. V\u1edbi s\u1ef1 k\u1ebft h\u1ee3p ho\u00e0n h\u1ea3o gi\u1eefa tr\u00e1i c\u00e2y v\u00e0 hoa t\u01b0\u01a1i, chi\u1ebfc xe hoa s\u1ebd tr\u1edf n\u00ean r\u1ef1c r\u1ee1 v\u00e0 \u0111\u1ea7y m\u00e0u s\u1eafc h\u01a1n bao gi\u1edd h\u1ebft.<\/p>\n<p>\u0110\u1ec3 trang tr\u00ed v\u1edbi tr\u00e1i c\u00e2y t\u01b0\u01a1i, b\u1ea1n c\u00f3 th\u1ec3 s\u1eed d\u1ee5ng nhi\u1ec1u lo\u1ea1i tr\u00e1i c\u00e2y kh\u00e1c nhau. Nh\u01b0: d\u01b0a h\u1ea5u, xo\u00e0i, d\u00e2u t\u00e2y, nho, cam, qu\u00fdt, chanh, kiwi, \u0111\u00e0o, nectarine, cherry,&#8230; B\u1ea1n c\u00f3 th\u1ec3 ch\u1ecdn tr\u00e1i c\u00e2y theo m\u00e0u s\u1eafc ph\u00f9 h\u1ee3p v\u1edbi ch\u1ee7 \u0111\u1ec1. Sau \u0111\u00f3 s\u1eafp x\u1ebfp tr\u00e1i c\u00e2y v\u00e0o nh\u1eefng v\u1ecb tr\u00ed th\u00edch h\u1ee3p tr\u00ean xe hoa.<\/p>\n<p>C\u00f9ng v\u1edbi trang tr\u00ed b\u1eb1ng hoa v\u00e0 tr\u00e1i c\u00e2y t\u01b0\u01a1i. Xe hoa s\u1ebd t\u1ea1o n\u00ean s\u1ef1 b\u1eaft m\u1eaft v\u00e0 \u1ea5n t\u01b0\u1ee3ng cho ng\u01b0\u1eddi nh\u00ecn. H\u00e3y th\u1eed s\u1eed d\u1ee5ng \u00fd t\u01b0\u1edfng n\u00e0y \u0111\u1ec3 t\u0103ng th\u00eam s\u1ef1 \u0111\u1ed9c \u0111\u00e1o cho ng\u00e0y c\u01b0\u1edbi c\u1ee7a b\u1ea1n!<\/p>\n<p><img loading=\"lazy\" decoding=\"async\" class=\"aligncenter wp-image-6344 size-full\" src=\"https:\/\/cestlavie.vn\/wp-content\/uploads\/2023\/02\/xe-hoa-trang-tri-bang-30kg-vai-thieu-khien-dan-mang-thich-thu1.jpg\" alt=\"trang tr\u00ed xe hoa b\u1eb1ng tr\u00e1i c\u00e2y t\u01b0\u01a1i\" width=\"668\" height=\"456\" srcset=\"https:\/\/cestlavie.vn\/wp-content\/uploads\/2023\/02\/xe-hoa-trang-tri-bang-30kg-vai-thieu-khien-dan-mang-thich-thu1.jpg 668w, https:\/\/cestlavie.vn\/wp-content\/uploads\/2023\/02\/xe-hoa-trang-tri-bang-30kg-vai-thieu-khien-dan-mang-thich-thu1-300x205.jpg 300w\" sizes=\"auto, (max-width: 668px) 100vw, 668px\" \/><\/p>\n<\/div>\n<\/div>\n<h3><strong>Trang tr\u00ed xe hoa v\u1edbi hoa t\u01b0\u01a1i \u0111\u1ed9c \u0111\u00e1o<\/strong><\/h3>\n<p>Hoa t\u01b0\u01a1i l\u00e0 m\u1ed9t c\u00e1ch \u0111\u1ec3 t\u1ea1o n\u00ean m\u1ed9t chi\u1ebfc xe \u0111\u1eb7c bi\u1ec7t v\u00e0 \u1ea5n t\u01b0\u1ee3ng trong ng\u00e0y c\u01b0\u1edbi. C\u00e1c lo\u1ea1i hoa \u0111\u01b0\u1ee3c ch\u1ecdn \u0111\u1ec3 trang tr\u00ed xe hoa th\u01b0\u1eddng l\u00e0 nh\u1eefng lo\u1ea1i hoa ph\u1ed5 bi\u1ebfn. \u0110\u00f3 l\u00e0: hoa h\u1ed3ng, hoa c\u1ea9m ch\u01b0\u1edbng, hoa ly, hoa \u0111\u1ed3ng ti\u1ec1n v\u00e0 hoa baby breath.<\/p>\n<p>Tuy nhi\u00ean, \u0111\u1ec3 t\u1ea1o ra s\u1ef1 kh\u00e1c bi\u1ec7t th\u00ec n\u00ean d\u00f9ng nh\u1eefng lo\u1ea1i hoa \u0111\u1ed9c \u0111\u00e1o v\u00e0 m\u1edbi l\u1ea1 \u0111\u1ec3 trang tr\u00ed xe. V\u00ed d\u1ee5 nh\u01b0 hoa lavender, hoa d\u1ea1 y\u1ebfn th\u1ea3o, hoa h\u1ed3ng xanh, hoa o\u1ea3i h\u01b0\u01a1ng, hoa ng\u1ecdc lan t\u00e2y, hoa l\u1ee5c b\u00ecnh, hoa l\u01b0\u1ee1i c\u1ecdp, hoa sen,&#8230;<\/p>\n<p>Ngo\u00e0i ra, c\u00e1c lo\u1ea1i hoa \u0111\u01b0\u1ee3c k\u1ebft h\u1ee3p v\u1edbi nhau \u0111\u1ec3 t\u1ea1o ra c\u00e1c ki\u1ec3u trang tr\u00ed kh\u00e1c nhau. T\u1eeb nh\u1eefng ki\u1ec3u \u0111\u01a1n gi\u1ea3n \u0111\u1ebfn nh\u1eefng ki\u1ec3u ph\u1ee9c t\u1ea1p v\u00e0 tinh t\u1ebf. C\u00e1c hoa c\u00f3 m\u00e0u s\u1eafc n\u1ed5i b\u1eadt s\u1ebd \u0111\u01b0\u1ee3c ch\u1ecdn l\u1ef1a sao cho h\u00e0i h\u00f2a v\u1edbi m\u00e0u s\u1eafc c\u1ee7a xe. Nh\u01b0ng b\u00ean c\u1ea1nh \u0111\u00f3 ph\u1ea3i h\u00e0i h\u00f2a v\u1edbi trang ph\u1ee5c c\u1ee7a c\u00f4 d\u00e2u, ch\u00fa r\u1ec3.<\/p>\n<h3><img loading=\"lazy\" decoding=\"async\" class=\"aligncenter wp-image-6345 size-full\" src=\"https:\/\/cestlavie.vn\/wp-content\/uploads\/2023\/02\/20200522_WRN4Al0CbqZBQ5m1zjHKAJkj.jpg\" alt=\"trang tr\u00ed xe v\u1edbi hoa t\u01b0\u01a1i\" width=\"960\" height=\"718\" srcset=\"https:\/\/cestlavie.vn\/wp-content\/uploads\/2023\/02\/20200522_WRN4Al0CbqZBQ5m1zjHKAJkj.jpg 960w, https:\/\/cestlavie.vn\/wp-content\/uploads\/2023\/02\/20200522_WRN4Al0CbqZBQ5m1zjHKAJkj-300x224.jpg 300w, https:\/\/cestlavie.vn\/wp-content\/uploads\/2023\/02\/20200522_WRN4Al0CbqZBQ5m1zjHKAJkj-768x574.jpg 768w\" sizes=\"auto, (max-width: 960px) 100vw, 960px\" \/><\/h3>\n<h3><strong>Trang tr\u00ed xe hoa \u0111\u01a1n gi\u1ea3n v\u1edbi ruy b\u0103ng<\/strong><\/h3>\n<p>Ruy b\u0103ng l\u00e0 m\u1ed9t c\u00e1ch trang tr\u00ed tinh t\u1ebf cho xe hoa v\u00e0o c\u00e1c d\u1ecbp c\u01b0\u1edbi h\u1ecfi hay \u0111\u00f3n d\u00e2u, ch\u00fa r\u1ec3. Ruy b\u0103ng \u0111\u01b0\u1ee3c coi l\u00e0 m\u1ed9t trong nh\u1eefng v\u1eadt d\u1ee5ng trang tr\u00ed ph\u1ed5 bi\u1ebfn v\u00e0 d\u1ec5 t\u00ecm ki\u1ebfm. \u0110\u1ec3 t\u1ea1o n\u00ean b\u1ed9 trang tr\u00ed \u0111\u1eb9p v\u00e0 \u0111\u01a1n gi\u1ea3n; B\u1ea1n ch\u1ec9 c\u1ea7n m\u1ed9t v\u00e0i cu\u1ed9n ruy b\u0103ng ph\u00f9 h\u1ee3p v\u1edbi m\u00e0u s\u1eafc ch\u1ee7 \u0111\u1ea1o c\u1ee7a xe hoa. Sau \u0111\u00f3 b\u1ea1n c\u00f3 th\u1ec3 d\u00f9ng ruy b\u0103ng \u0111\u1ec3 bu\u1ed9c th\u00e0nh c\u00e1c n\u01a1, \u0111\u00e1nh l\u01b0\u1edbi ho\u1eb7c trang tr\u00ed \u0111\u01a1n gi\u1ea3n tr\u00ean c\u00e1c ph\u1ea7n kh\u00e1c c\u1ee7a xe. V\u1edbi c\u00e1ch trang tr\u00ed n\u00e0y, b\u1ea1n s\u1ebd t\u1ea1o ra m\u1ed9t chi\u1ebfc xe hoa \u0111\u1eb9p m\u1eaft m\u00e0 kh\u00f4ng c\u1ea7n \u0111\u1ea7u t\u01b0 qu\u00e1 nhi\u1ec1u chi ph\u00ed.<\/p>\n<p><img loading=\"lazy\" decoding=\"async\" class=\"aligncenter wp-image-6348\" src=\"https:\/\/cestlavie.vn\/wp-content\/uploads\/2023\/02\/20200522_LZ0F0wY1BA4jx5gYBK87kzjM.jpg\" alt=\"trang tr\u00ed xe hoa \u0111\u01a1n gi\u1ea3n v\u1edbi ruy b\u0103ng\" width=\"600\" height=\"600\" srcset=\"https:\/\/cestlavie.vn\/wp-content\/uploads\/2023\/02\/20200522_LZ0F0wY1BA4jx5gYBK87kzjM.jpg 960w, https:\/\/cestlavie.vn\/wp-content\/uploads\/2023\/02\/20200522_LZ0F0wY1BA4jx5gYBK87kzjM-150x150.jpg 150w, https:\/\/cestlavie.vn\/wp-content\/uploads\/2023\/02\/20200522_LZ0F0wY1BA4jx5gYBK87kzjM-300x300.jpg 300w, https:\/\/cestlavie.vn\/wp-content\/uploads\/2023\/02\/20200522_LZ0F0wY1BA4jx5gYBK87kzjM-768x768.jpg 768w\" sizes=\"auto, (max-width: 600px) 100vw, 600px\" \/><\/p>\n<h3><strong>Trang tr\u00ed xe hoa v\u1edbi \u0111\u00e8n LED n\u1ed5i b\u1eadt<\/strong><\/h3>\n<p>\u0110\u00e8n LED l\u00e0 m\u1ed9t \u00fd t\u01b0\u1edfng \u0111\u1ed9c \u0111\u00e1o \u0111\u1ec3 trang tr\u00ed hi\u1ec7n nay. \u0110\u00e8n LED c\u00f3 th\u1ec3 \u0111\u01b0\u1ee3c s\u1eed d\u1ee5ng \u0111\u1ec3 t\u1ea1o ra nhi\u1ec1u hi\u1ec7u \u1ee9ng kh\u00e1c nhau; T\u1eeb \u00e1nh s\u00e1ng nh\u1ea5p nh\u00e1y \u0111\u1ebfn \u0111\u00e8n m\u1edd \u0111\u1ec1u t\u1ea1o ra m\u1ed9t khung c\u1ea3nh \u0111\u1ea7y \u1ea5n t\u01b0\u1ee3ng cho xe c\u01b0\u1edbi.<\/p>\n<p>B\u1ea1n c\u00f3 th\u1ec3 s\u1eed d\u1ee5ng \u0111\u00e8n LED \u0111\u1ec3 trang tr\u00ed b\u00ean ngo\u00e0i xe hoa, bao g\u1ed3m c\u1ea3 c\u1eeda tr\u01b0\u1edbc, c\u1eeda sau v\u00e0 c\u00e1c b\u00ean c\u1ee7a xe. \u0110\u00e8n LED c\u0169ng c\u00f3 th\u1ec3 \u0111\u01b0\u1ee3c trang tr\u00ed ph\u1ea7n tr\u00ean c\u1ee7a xe hoa ho\u1eb7c treo ch\u00fang t\u1eeb tr\u1ea7n xe. \u0110\u1ec3 t\u1ea1o ra hi\u1ec7u \u1ee9ng th\u1eadt \u1ea5n t\u01b0\u1ee3ng, h\u00e3y s\u1eed d\u1ee5ng \u0111\u00e8n LED c\u00f3 m\u00e0u s\u1eafc kh\u00e1c nhau v\u00e0 ch\u1ecdn \u0111\u1ed9 s\u00e1ng ph\u00f9 h\u1ee3p.<\/p>\n<h3><strong>Trang tr\u00ed xe hoa v\u1edbi b\u00f3ng bay\u00a0<\/strong><\/h3>\n<p>B\u00f3ng bay l\u00e0 m\u1ed9t c\u00e1ch th\u00fa v\u1ecb \u0111\u1ec3 t\u1ea1o ra m\u1ed9t chi\u1ebfc xe hoa c\u1ea3m gi\u00e1c vui t\u01b0\u01a1i v\u00e0 s\u1ed1ng \u0111\u1ed9ng. C\u00e1c b\u00f3ng bay c\u00f3 th\u1ec3 \u0111\u01b0\u1ee3c b\u1ed1 tr\u00ed tr\u00ean to\u00e0n b\u1ed9 chi\u1ebfc xe hoa ho\u1eb7c ch\u1ec9 tr\u00ean c\u00e1c khu v\u1ef1c c\u1ea7n \u0111\u01b0\u1ee3c ch\u00fa \u00fd.<\/p>\n<p>B\u1ea1n c\u00f3 th\u1ec3 ch\u1ecdn m\u1ed9t m\u00e0u s\u1eafc ho\u1eb7c m\u1ed9t s\u1ef1 k\u1ebft h\u1ee3p c\u1ee7a c\u00e1c m\u00e0u s\u1eafc kh\u00e1c nhau; T\u1ea1o n\u00ean m\u1ed9t kh\u00f4ng gian \u1ea5n t\u01b0\u1ee3ng v\u00e0 thu h\u00fat m\u1ecdi ng\u01b0\u1eddi. B\u00ean c\u1ea1nh \u0111\u00f3, c\u00e1c b\u00f3ng bay c\u0169ng c\u00f3 th\u1ec3 \u0111\u01b0\u1ee3c trang tr\u00ed v\u1edbi c\u00e1c m\u1ea9u ch\u1eef. Ho\u1eb7c c\u0169ng c\u00f3 th\u1ec3 l\u00e0 h\u00ecnh \u1ea3nh ho\u1eb7c th\u00f4ng \u0111i\u1ec7p \u0111\u1ec3 t\u0103ng th\u00eam gi\u00e1 tr\u1ecb cho s\u1ef1 ki\u1ec7n c\u1ee7a b\u1ea1n.<\/p>\n<p><img loading=\"lazy\" decoding=\"async\" class=\"aligncenter wp-image-6351 size-full\" src=\"https:\/\/cestlavie.vn\/wp-content\/uploads\/2023\/02\/fc4f57dc7dd0938ecac1-1024x768-1.jpg\" alt=\"trang tr\u00ed xe hoa v\u1edbi b\u00f3ng bay\" width=\"1024\" height=\"768\" srcset=\"https:\/\/cestlavie.vn\/wp-content\/uploads\/2023\/02\/fc4f57dc7dd0938ecac1-1024x768-1.jpg 1024w, https:\/\/cestlavie.vn\/wp-content\/uploads\/2023\/02\/fc4f57dc7dd0938ecac1-1024x768-1-300x225.jpg 300w, https:\/\/cestlavie.vn\/wp-content\/uploads\/2023\/02\/fc4f57dc7dd0938ecac1-1024x768-1-768x576.jpg 768w\" sizes=\"auto, (max-width: 1024px) 100vw, 1024px\" \/><\/p>\n<h3><strong>Trang tr\u00ed xe hoa b\u1eb1ng gi\u1ea5y m\u00e0u ch\u1ee7 \u0111\u1ec1<\/strong><\/h3>\n<p>Gi\u1ea5y m\u00e0u ch\u1ee7 \u0111\u1ec1 l\u00e0 m\u1ed9t \u00fd t\u01b0\u1edfng tuy\u1ec7t v\u1eddi \u0111\u1ec3 l\u00e0m n\u1ed5i b\u1eadt v\u00e0 t\u1ea1o \u1ea5n t\u01b0\u1ee3ng cho chi\u1ebfc xe hoa c\u1ee7a b\u1ea1n. B\u1ea1n c\u00f3 th\u1ec3 ch\u1ecdn nh\u1eefng m\u00e0u s\u1eafc ph\u00f9 h\u1ee3p v\u1edbi ch\u1ee7 \u0111\u1ec1 c\u1ee7a s\u1ef1 ki\u1ec7n ho\u1eb7c v\u1edbi m\u00e0u s\u1eafc y\u00eau th\u00edch c\u1ee7a b\u1ea1n.<\/p>\n<p>&nbsp;<\/p>\n<h2><strong>C\u2019est Lavie \u0111\u01a1n v\u1ecb cung c\u1ea5p d\u1ecbch v\u1ee5 trang tr\u00ed xe hoa \u0111\u1ed9c l\u1ea1 v\u1edbi h\u01a1n 6 n\u0103m kinh nghi\u1ec7m s\u1ebd kh\u00f4ng l\u00e0m b\u1ea1n th\u1ea5t v\u1ecdng<\/strong><\/h2>\n<p>N\u1ebfu b\u1ea1n \u0111ang t\u00ecm ki\u1ebfm d\u1ecbch v\u1ee5 trang tr\u00ed xe hoa \u0111\u1ed9c l\u1ea1 t\u1ea1i \u0110\u00e0 N\u1eb5ng, h\u00e3y \u0111\u1ebfn v\u1edbi C&#8217;est La Vie. Ch\u00fang t\u00f4i l\u00e0 \u0111\u01a1n v\u1ecb chuy\u00ean nghi\u1ec7p, uy t\u00edn v\u00e0 c\u00f3 h\u01a1n 6 n\u0103m kinh nghi\u1ec7m. V\u1edbi \u0111\u1ed9i ng\u0169 nh\u00e2n vi\u00ean chuy\u00ean nghi\u1ec7p v\u00e0 t\u1eadn t\u00e2m, C&#8217;est La Vie cam k\u1ebft cung c\u1ea5p cho qu\u00fd kh\u00e1ch h\u00e0ng d\u1ecbch v\u1ee5 trang tr\u00ed xe hoa \u0111\u1ed9c \u0111\u00e1o, \u0111a d\u1ea1ng v\u1ec1 m\u1eabu m\u00e3 v\u00e0 ki\u1ec3u d\u00e1ng, ph\u00f9 h\u1ee3p v\u1edbi m\u1ecdi phong c\u00e1ch v\u00e0 s\u1edf th\u00edch c\u1ee7a kh\u00e1ch h\u00e0ng.<\/p>\n<p>Ch\u00fang t\u00f4i c\u0169ng cung c\u1ea5p d\u1ecbch v\u1ee5 trang tr\u00ed xe hoa theo y\u00eau c\u1ea7u c\u1ee7a kh\u00e1ch h\u00e0ng. \u0110\u1ea3m b\u1ea3o s\u1ef1 \u0111\u1ed9c \u0111\u00e1o v\u00e0 ph\u00f9 h\u1ee3p v\u1edbi m\u1ecdi \u00fd t\u01b0\u1edfng v\u00e0 \u00fd ngh\u0129a m\u00e0 kh\u00e1ch h\u00e0ng mu\u1ed1n truy\u1ec1n t\u1ea3i.<\/p>\n<h2><strong>Nh\u1eefng d\u1ecbch v\u1ee5 c\u01b0\u1edbi kh\u00e1c \u0111i k\u00e8m t\u1ea1i C\u2019est Lavie<\/strong><\/h2>\n<p>C&#8217;est Lavie cung c\u1ea5p nhi\u1ec1u d\u1ecbch v\u1ee5 c\u01b0\u1edbi kh\u00e1c \u0111i k\u00e8m \u0111\u1ec3 \u0111\u1ea3m b\u1ea3o cho m\u1ed9t ng\u00e0y c\u01b0\u1edbi ho\u00e0n h\u1ea3o. M\u1ed9t s\u1ed1 d\u1ecbch v\u1ee5 m\u00e0 C&#8217;est Lavie c\u00f3 th\u1ec3 cung c\u1ea5p bao g\u1ed3m nh\u01b0 sau<\/p>\n<h3><span style=\"font-weight: 500;\"><strong>Cho thu\u00ea MC ph\u1ee5c v\u1ee5 ti\u1ec7c c\u01b0\u1edbi<\/strong>\u00a0<\/span><\/h3>\n<p>C&#8217;est La Vie c\u00f3 m\u1ed9t \u0111\u1ed9i ng\u0169 MC chuy\u00ean nghi\u1ec7p v\u00e0 gi\u00e0u kinh nghi\u1ec7m. D\u1ecbch v\u1ee5 cho thu\u00ea MC ph\u1ee5c v\u1ee5 ti\u1ec7c c\u01b0\u1edbi c\u00f3 gi\u00e1 c\u1ea3 ph\u1ea3i ch\u0103ng. V\u1edbi s\u1ef1 am hi\u1ec3u s\u00e2u s\u1eafc v\u1ec1 v\u0103n h\u00f3a, t\u1eadp qu\u00e1n v\u00e0 phong c\u00e1ch c\u1ee7a c\u00e1c ti\u1ec7c c\u01b0\u1edbi t\u1ea1i Vi\u1ec7t Nam. MC c\u1ee7a C&#8217;est La Vie s\u1ebd gi\u00fap \u0111\u01b0a ra c\u00e1c l\u1eddi ch\u00fac m\u1eebng, d\u1eabn d\u1eaft c\u00e1c ti\u1ebft m\u1ee5c v\u00e0 gi\u1eef cho bu\u1ed5i ti\u1ec7c di\u1ec5n ra tr\u01a1n tru v\u00e0 su\u00f4n s\u1ebb.<\/p>\n<p><img loading=\"lazy\" decoding=\"async\" class=\"aligncenter wp-image-6352 size-full\" src=\"https:\/\/cestlavie.vn\/wp-content\/uploads\/2023\/02\/MC-dam-cuoi.jpg\" alt=\"cho thu\u00ea MC \u0111\u00e1m c\u01b0\u1edbi\" width=\"790\" height=\"400\" srcset=\"https:\/\/cestlavie.vn\/wp-content\/uploads\/2023\/02\/MC-dam-cuoi.jpg 790w, https:\/\/cestlavie.vn\/wp-content\/uploads\/2023\/02\/MC-dam-cuoi-300x152.jpg 300w, https:\/\/cestlavie.vn\/wp-content\/uploads\/2023\/02\/MC-dam-cuoi-768x389.jpg 768w\" sizes=\"auto, (max-width: 790px) 100vw, 790px\" \/><\/p>\n<p>&gt;&gt;&gt;&gt; Tham kh\u1ea3o th\u00eam: <a href=\"#\">Cho thu\u00ea MC \u0110\u00e0 N\u1eb5ng<\/a><\/p>\n<h3><strong>Cho thu\u00ea m\u00e2m qu\u1ea3 c\u01b0\u1edbi h\u1ecfi uy t\u00edn\u00a0<\/strong><\/h3>\n<p>C&#8217;est La Vie cung c\u1ea5p d\u1ecbch v\u1ee5 cho thu\u00ea m\u00e2m qu\u1ea3 c\u01b0\u1edbi h\u1ecfi uy t\u00edn v\u00e0 ch\u1ea5t l\u01b0\u1ee3ng. \u0110\u1ed9i ng\u0169 nh\u00e2n vi\u00ean c\u1ee7a C&#8217;est La Vie lu\u00f4n s\u1eb5n s\u00e0ng t\u01b0 v\u1ea5n v\u00e0 h\u1ed7 tr\u1ee3 kh\u00e1ch h\u00e0ng. Nh\u1ea5t l\u00e0 trong vi\u1ec7c l\u1ef1a ch\u1ecdn m\u00e2m qu\u1ea3 ph\u00f9 h\u1ee3p v\u1edbi phong c\u00e1ch, s\u1edf th\u00edch v\u00e0 ng\u00e2n s\u00e1ch c\u1ee7a m\u1ed7i c\u1eb7p \u0111\u00f4i. C\u00e1c m\u00e2m qu\u1ea3 t\u1ea1i C&#8217;est La Vie \u0111\u01b0\u1ee3c ch\u1ecdn l\u1ef1a k\u1ef9 c\u00e0ng. V\u1edbi c\u00e1c lo\u1ea1i tr\u00e1i c\u00e2y t\u01b0\u01a1i ngon, \u0111a d\u1ea1ng v\u1ec1 m\u1eabu m\u00e3, ki\u1ec3u d\u00e1ng v\u00e0 phong c\u00e1ch. B\u00ean c\u1ea1nh \u0111\u00f3, C&#8217;est La Vie c\u00f2n cung c\u1ea5p c\u00e1c d\u1ecbch v\u1ee5 trang tr\u00ed m\u00e2m qu\u1ea3 theo y\u00eau c\u1ea7u c\u1ee7a kh\u00e1ch h\u00e0ng. T\u1eeb \u0111\u00f3 t\u1ea1o n\u00ean kh\u00f4ng gian c\u01b0\u1edbi h\u1ecfi trang tr\u1ecdng v\u00e0 sang tr\u1ecdng.<\/p>\n<p><img loading=\"lazy\" decoding=\"async\" class=\"aligncenter wp-image-6354 size-full\" src=\"https:\/\/cestlavie.vn\/wp-content\/uploads\/2023\/02\/0956049bbc4bcbd240a4b5022ff5c410.jpg\" alt=\"cho thu\u00ea m\u00e2m qu\u1ea3 c\u01b0\u1edbi uy t\u00edn\" width=\"1280\" height=\"853\" srcset=\"https:\/\/cestlavie.vn\/wp-content\/uploads\/2023\/02\/0956049bbc4bcbd240a4b5022ff5c410.jpg 1280w, https:\/\/cestlavie.vn\/wp-content\/uploads\/2023\/02\/0956049bbc4bcbd240a4b5022ff5c410-300x200.jpg 300w, https:\/\/cestlavie.vn\/wp-content\/uploads\/2023\/02\/0956049bbc4bcbd240a4b5022ff5c410-768x512.jpg 768w, https:\/\/cestlavie.vn\/wp-content\/uploads\/2023\/02\/0956049bbc4bcbd240a4b5022ff5c410-1024x682.jpg 1024w\" sizes=\"auto, (max-width: 1280px) 100vw, 1280px\" \/><\/p>\n<p>&gt;&gt;&gt;&gt; Tham kh\u1ea3o th\u00eam: <a href=\"#\">D\u1ecbch v\u1ee5 m\u00e2m qu\u1ea3 c\u01b0\u1edbi h\u1ecfi \u0110\u00e0 N\u1eb5ng<\/a><\/p>\n<h3><span style=\"font-weight: 500;\"><strong>Cho thu\u00ea thi\u1ebft b\u1ecb \u00e2m thanh \u00e1nh s\u00e1ng ph\u1ee5c v\u1ee5 l\u1ec5 c\u01b0\u1edbi<\/strong>\u00a0<\/span><\/h3>\n<p>C&#8217;est La Vie cho thu\u00ea c\u00e1c thi\u1ebft b\u1ecb \u00e2m thanh \u00e1nh s\u00e1ng chuy\u00ean nghi\u1ec7p; \u0110\u1ea7y \u0111\u1ee7 \u0111\u1ec3 ph\u1ee5c v\u1ee5 cho c\u00e1c s\u1ef1 ki\u1ec7n c\u1ee7a kh\u00e1ch h\u00e0ng.<\/p>\n<p>Thi\u1ebft b\u1ecb \u00e2m thanh c\u1ee7a ch\u00fang t\u00f4i bao g\u1ed3m h\u1ec7 th\u1ed1ng loa, mixer, amplifier, micro, \u0111\u1ea7u karaoke, \u0111\u1ea7u CD, laptop&#8230; Ch\u00fang t\u00f4i c\u0169ng cung c\u1ea5p \u0111\u00e8n LED, \u0111\u00e8n moving, \u0111\u00e8n s\u00e2n kh\u1ea5u v\u00e0 c\u00e1c thi\u1ebft b\u1ecb \u00e1nh s\u00e1ng kh\u00e1c.<\/p>\n<p>Ch\u00fang t\u00f4i lu\u00f4n cam k\u1ebft cung c\u1ea5p cho kh\u00e1ch h\u00e0ng thi\u1ebft b\u1ecb ch\u1ea5t l\u01b0\u1ee3ng v\u00e0 \u0111\u1ea3m b\u1ea3o ho\u1ea1t \u0111\u1ed9ng t\u1ed1t. C\u00f9ng v\u1edbi \u0111\u00f3 l\u00e0 \u0111\u1ed9i ng\u0169 k\u1ef9 thu\u1eadt vi\u00ean chuy\u00ean nghi\u1ec7p s\u1ebd h\u1ed7 tr\u1ee3 qu\u00fd kh\u00e1ch trong vi\u1ec7c l\u1eafp \u0111\u1eb7t. \u0110\u1ed3ng th\u1eddi \u0111i\u1ec1u ch\u1ec9nh thi\u1ebft b\u1ecb \u0111\u1ec3 \u0111\u1ea3m b\u1ea3o ho\u1ea1t \u0111\u1ed9ng t\u1ed1t nh\u1ea5t.<\/p>\n<p><img loading=\"lazy\" decoding=\"async\" class=\"aligncenter wp-image-5977 size-full\" src=\"https:\/\/cestlavie.vn\/wp-content\/uploads\/2023\/02\/a18.jpg\" alt=\"cho thu\u00ea \u00e2m thanh \u00e1nh s\u00e1ng\" width=\"625\" height=\"417\" srcset=\"https:\/\/cestlavie.vn\/wp-content\/uploads\/2023\/02\/a18.jpg 625w, https:\/\/cestlavie.vn\/wp-content\/uploads\/2023\/02\/a18-300x200.jpg 300w\" sizes=\"auto, (max-width: 625px) 100vw, 625px\" \/><\/p>\n<p>&gt;&gt;&gt;&gt; Tham kh\u1ea3o th\u00eam: <a href=\"#\">D\u1ecbch v\u1ee5 cho thu\u00ea \u00e2m thanh \u00e1nh s\u00e1ng<\/a><\/p>\n<h3><strong>Cho thu\u00ea nh\u00e0 b\u1ea1t, qu\u1ea1t h\u01a1i n\u01b0\u1edbc ph\u1ee5c v\u1ee5 l\u1ec5 c\u01b0\u1edbi\u00a0<\/strong><\/h3>\n<p>C&#8217;est La Vie chuy\u00ean cung c\u1ea5p d\u1ecbch v\u1ee5 cho thu\u00ea nh\u00e0 b\u1ea1t v\u00e0 qu\u1ea1t h\u01a1i n\u01b0\u1edbc ph\u1ee5c v\u1ee5 l\u1ec5 c\u01b0\u1edbi. Ch\u00fang t\u00f4i lu\u00f4n \u0111\u1ea3m b\u1ea3o ch\u1ea5t l\u01b0\u1ee3ng, ti\u1ec7n nghi v\u00e0 an to\u00e0n cho kh\u00e1ch h\u00e0ng. Kh\u00e1ch h\u00e0ng c\u00f3 th\u1ec3 thu\u00ea c\u00e1c lo\u1ea1i nh\u00e0 b\u1ea1t theo s\u1ed1 l\u01b0\u1ee3ng kh\u00e1ch m\u1eddi, di\u1ec7n t\u00edch s\u00e2n v\u01b0\u1eddn v\u00e0 phong c\u00e1ch trang tr\u00ed. \u0110\u1ed3ng th\u1eddi, C&#8217;est La Vie c\u0169ng cung c\u1ea5p d\u1ecbch v\u1ee5 cho thu\u00ea qu\u1ea1t h\u01a1i n\u01b0\u1edbc gi\u00fap l\u00e0m m\u00e1t kh\u00f4ng gian. T\u1eeb \u0111\u00f3 \u0111em l\u1ea1i s\u1ef1 tho\u1ea3i m\u00e1i v\u00e0 tho\u00e1ng m\u00e1t cho kh\u00e1ch m\u1eddi trong ti\u1ebft tr\u1eddi n\u00f3ng b\u1ee9c.<\/p>\n<p><img loading=\"lazy\" decoding=\"async\" class=\"wp-image-6153 size-full aligncenter\" src=\"https:\/\/cestlavie.vn\/wp-content\/uploads\/2023\/02\/cho-thue-nha-bat-dam-cuoi-1.png\" alt=\"Cho thu\u00ea nh\u00e0 b\u1ea1t \u0111\u00e1m c\u01b0\u1edbi, \u0111\u00e1m h\u1ecfi\" width=\"1280\" height=\"720\" srcset=\"https:\/\/cestlavie.vn\/wp-content\/uploads\/2023\/02\/cho-thue-nha-bat-dam-cuoi-1.png 1280w, https:\/\/cestlavie.vn\/wp-content\/uploads\/2023\/02\/cho-thue-nha-bat-dam-cuoi-1-300x169.png 300w, https:\/\/cestlavie.vn\/wp-content\/uploads\/2023\/02\/cho-thue-nha-bat-dam-cuoi-1-768x432.png 768w, https:\/\/cestlavie.vn\/wp-content\/uploads\/2023\/02\/cho-thue-nha-bat-dam-cuoi-1-1024x576.png 1024w\" sizes=\"auto, (max-width: 1280px) 100vw, 1280px\" \/><\/p>\n<p>&gt;&gt;&gt;&gt; Tham kh\u1ea3o th\u00eam: <a href=\"https:\/\/cestlavie.vn\/?page_id=6043&amp;preview_id=6043&amp;preview_nonce=c2349c608e&amp;_thumbnail_id=-1&amp;preview=true\" rel=\"nofollow\">Cho thu\u00ea nh\u00e0 b\u1ea1t kh\u00f4ng gian di \u0111\u1ed9ng \u0110\u00e0 N\u1eb5ng<\/a><\/p>\n<h2><strong>B\u1ea3ng gi\u00e1 tham kh\u1ea3o d\u1ecbch v\u1ee5 trang tr\u00ed xe hoa t\u1ea1i C&#8217;estlavie<\/strong><\/h2>\n<p>T\u1ea1i C\u2019est La Vie, ch\u00fang t\u00f4i s\u1edf h\u1eefu \u0111a d\u1ea1ng g\u00f3i d\u1ecbch v\u1ee5 trang tr\u00ed xe hoa v\u1edbi m\u1ee9c gi\u00e1 kh\u00e1c nhau. Nh\u1eb1m \u0111\u00e1p \u1ee9ng \u0111\u1ea7y \u0111\u1ee7 t\u1ea5t c\u1ea3 nhu c\u1ea7u c\u1ee7a m\u1ecdi kh\u00e1ch h\u00e0ng. Ch\u00fang t\u00f4i k\u00ednh g\u1eedi qu\u00fd kh\u00e1ch h\u00e0ng b\u1ea3ng gi\u00e1 tham kh\u1ea3o d\u1ecbch v\u1ee5 c\u1ee7a C\u2019est La Vie.<\/p>\n<p>Tr\u00ean \u0111\u00e2y ch\u1ec9 l\u00e0 b\u1ea3ng gi\u00e1 m\u1eabu \u0111\u1ec3 qu\u00fd kh\u00e1ch tham kh\u1ea3o. N\u1ebfu b\u1ea1n c\u00f3 nh\u1eefng y\u00eau c\u1ea7u h\u1ea1ng m\u1ee5c kh\u00e1c, h\u00e3y li\u00ean h\u1ec7 v\u1edbi ch\u00fang t\u00f4i \u0111\u1ec3 \u0111\u01b0\u1ee3c b\u00e1o gi\u00e1 ch\u00ednh x\u00e1c nh\u1ea5t.<\/p>\n<p><span data-sheets-value=\"{&quot;1&quot;:2,&quot;2&quot;:&quot;&quot;}\" data-sheets-userformat=\"{&quot;2&quot;:513,&quot;3&quot;:{&quot;1&quot;:0},&quot;12&quot;:0}\"><\/span><\/p>\n","protected":false},"excerpt":{"rendered":"<p>Hiring unique wedding cars has become a new trend in wedding ceremonies in Vietnam. Decorating the wedding car helps make your special day even more remarkable and leaves a lasting impression in everyone&#8217;s memory.<\/p>\n","protected":false},"author":15,"featured_media":12846,"parent":0,"menu_order":0,"comment_status":"closed","ping_status":"closed","template":"templates\/module-flexible-content.php","meta":{"footnotes":""},"class_list":["post-14938","page","type-page","status-publish","has-post-thumbnail","hentry","page_category-trang-tri-cuoi-hoi"],"acf":[],"_links":{"self":[{"href":"https:\/\/cestlavie.vn\/en\/wp-json\/wp\/v2\/pages\/14938","targetHints":{"allow":["GET"]}}],"collection":[{"href":"https:\/\/cestlavie.vn\/en\/wp-json\/wp\/v2\/pages"}],"about":[{"href":"https:\/\/cestlavie.vn\/en\/wp-json\/wp\/v2\/types\/page"}],"author":[{"embeddable":true,"href":"https:\/\/cestlavie.vn\/en\/wp-json\/wp\/v2\/users\/15"}],"replies":[{"embeddable":true,"href":"https:\/\/cestlavie.vn\/en\/wp-json\/wp\/v2\/comments?post=14938"}],"version-history":[{"count":0,"href":"https:\/\/cestlavie.vn\/en\/wp-json\/wp\/v2\/pages\/14938\/revisions"}],"wp:featuredmedia":[{"embeddable":true,"href":"https:\/\/cestlavie.vn\/en\/wp-json\/wp\/v2\/media\/12846"}],"wp:attachment":[{"href":"https:\/\/cestlavie.vn\/en\/wp-json\/wp\/v2\/media?parent=14938"}],"curies":[{"name":"wp","href":"https:\/\/api.w.org\/{rel}","templated":true}]}}