{"id":14784,"date":"2023-02-21T20:59:30","date_gmt":"2023-02-21T13:59:30","guid":{"rendered":"https:\/\/cestlavie.vn\/dich-vu-to-chuc-tiec-thoi-noi-tron-goi-tai-da-nang\/"},"modified":"2024-11-04T16:27:10","modified_gmt":"2024-11-04T09:27:10","slug":"full-service-first-birthday-party-planning-in-da-nang","status":"publish","type":"page","link":"https:\/\/cestlavie.vn\/en\/full-service-first-birthday-party-planning-in-da-nang\/","title":{"rendered":"First Birthday Party Decoration Service in Da Nang"},"content":{"rendered":"<p><b><i><a href=\"https:\/\/cestlavie.vn\/dich-vu-to-chuc-tiec-thoi-noi-tron-goi-tai-da-nang\/\">T\u1ed4 CH\u1ee8C TI\u1ec6C TH\u00d4I N\u00d4I<\/a><\/i><\/b><i><span style=\"font-weight: 400;\">\u00a0cho b\u00e9 l\u00e0 m\u1ed9t phong t\u1ee5c t\u1eadp qu\u00e1n l\u00e2u \u0111\u1eddi c\u1ee7a ng\u01b0\u1eddi Vi\u1ec7t Nam. \u0110\u00e2y l\u00e0 m\u1ed9t d\u1ecbp \u0111\u00e1nh d\u1ea5u c\u1ed9t m\u1ed1c trong s\u1ef1 ph\u00e1t tri\u1ec3n \u0111\u1ea7u \u0111\u1eddi c\u1ee7a b\u00e9. Ch\u00ednh v\u00ec th\u1ebf, h\u00e3y \u0111\u1ec3 Cestlavie \u0111\u1ed3ng h\u00e0nh c\u00f9ng b\u1ea1n \u0111\u1ec3 bu\u1ed5i ti\u1ec7c th\u00f4i n\u00f4i di\u1ec5n ra m\u1ed9t c\u00e1ch tr\u1ecdn v\u1eb9n v\u00e0 \u00fd ngh\u0129a nh\u1ea5t.<\/span><\/i><\/p>\n<p>&gt;&gt;&gt;&gt; Xem th\u00eam: <strong><a href=\"https:\/\/cestlavie.vn\/dich-vu-decor-tiec-sinh-nhat-tai-da-nang\/\">D\u1ecbch v\u1ee5 trang tr\u00ed ti\u1ec7c sinh nh\u1eadt<\/a><\/strong><\/p>\n<p>&gt;&gt;&gt;&gt; Xem th\u00eam: <strong><a href=\"https:\/\/cestlavie.vn\/dich-vu-to-chuc-su-kien-tron-goi-gia-tot-tai-da-nang\/\">D\u1ecbch v\u1ee5 t\u1ed5 ch\u1ee9c s\u1ef1 ki\u1ec7n tr\u1ecdn g\u00f3i<\/a><\/strong><\/p>\n<h2><strong>Nh\u1eefng \u0111i\u1ec1u c\u1ea7n bi\u1ebft v\u1ec1 ti\u1ec7c th\u00f4i n\u00f4i<\/strong><\/h2>\n<h3>Th\u00f4i n\u00f4i l\u00e0 g\u00ec?<\/h3>\n<p><span style=\"font-weight: 400;\">Ti\u1ec7c th\u00f4i n\u00f4i l\u00e0 m\u1ed9t nghi l\u1ec5 truy\u1ec1n th\u1ed1ng trong v\u0103n h\u00f3a Vi\u1ec7t Nam. <\/span><b>T\u1ed5 ch\u1ee9c ti\u1ec7c th\u00f4i n\u00f4i <\/b><span style=\"font-weight: 400;\">kh\u00f4ng ch\u1ec9 l\u00e0 m\u1ed9t nghi l\u1ec5 truy\u1ec1n th\u1ed1ng c\u1ee7a d\u00e2n t\u1ed9c m\u00e0 c\u00f2n l\u00e0 d\u1ecbp \u0111\u1ec3 gia \u0111\u00ecnh v\u00e0 b\u1ea1n b\u00e8 \u0111o\u00e0n t\u1ee5. Ngo\u00e0i \u00fd ngh\u0129a \u0111\u00e1nh d\u1ea5u s\u1ef1 ph\u00e1t tri\u1ec3n \u0111\u1ea7u ti\u00ean c\u1ee7a con tr\u1ebb th\u00ec ti\u1ec7c th\u00f4i n\u00f4i c\u00f2n mang \u00fd ngh\u0129a b\u00e9 s\u1ebd l\u1edbn l\u00ean b\u00ecnh an kh\u1ecfe m\u1ea1nh trong s\u1ef1 ch\u00fac ph\u00fac c\u1ee7a t\u1ea5t c\u1ea3 m\u1ecdi ng\u01b0\u1eddi.\u00a0<\/span><\/p>\n<p><img loading=\"lazy\" decoding=\"async\" class=\"wp-image-6138 size-full\" src=\"https:\/\/cestlavie.vn\/wp-content\/uploads\/2023\/02\/Tiec-thoi-noi-la-gi.jpg\" alt=\"Ti\u1ec7c th\u00f4i n\u00f4i l\u00e0 g\u00ec\" width=\"750\" height=\"500\" srcset=\"https:\/\/cestlavie.vn\/wp-content\/uploads\/2023\/02\/Tiec-thoi-noi-la-gi.jpg 750w, https:\/\/cestlavie.vn\/wp-content\/uploads\/2023\/02\/Tiec-thoi-noi-la-gi-300x200.jpg 300w\" sizes=\"auto, (max-width: 750px) 100vw, 750px\" \/><\/p>\n<p><span style=\"font-weight: 400;\">Tr\u01b0\u1edbc ti\u00ean h\u00e3y c\u00f9ng t\u00ecm hi\u1ec3u v\u1ec1 c\u00e1c m\u00e2m c\u00fang c\u1ea7n c\u00f3 \u0111\u1ec3 <\/span><b>t\u1ed5 ch\u1ee9c ti\u1ec7c th\u00f4i n\u00f4i.<\/b><\/p>\n<h3>C\u00e1c m\u00e2m c\u00fang ch\u00ednh d\u00e0nh cho th\u00f4i n\u00f4i<\/h3>\n<h4>M\u00e2m l\u1ec5 c\u00fang B\u00e0 Ch\u00faa v\u00e0 12 B\u00e0 M\u1ee5<\/h4>\n<figure id=\"attachment_6139\" aria-describedby=\"caption-attachment-6139\" style=\"width: 750px\" class=\"wp-caption alignnone\"><img loading=\"lazy\" decoding=\"async\" class=\"wp-image-6139 size-full\" src=\"https:\/\/cestlavie.vn\/wp-content\/uploads\/2023\/02\/mam-le-cung-ba-chua-va-12-ba-mu.jpg\" alt=\"M\u00e2m l\u1ec5 c\u00fang B\u00e0 Ch\u00faa v\u00e0 12 B\u00e0 M\u1ee5\" width=\"750\" height=\"563\" srcset=\"https:\/\/cestlavie.vn\/wp-content\/uploads\/2023\/02\/mam-le-cung-ba-chua-va-12-ba-mu.jpg 750w, https:\/\/cestlavie.vn\/wp-content\/uploads\/2023\/02\/mam-le-cung-ba-chua-va-12-ba-mu-300x225.jpg 300w\" sizes=\"auto, (max-width: 750px) 100vw, 750px\" \/><figcaption id=\"caption-attachment-6139\" class=\"wp-caption-text\">M\u00e2m l\u1ec5 c\u00fang B\u00e0 Ch\u00faa v\u00e0 12 B\u00e0 M\u1ee5<\/figcaption><\/figure>\n<p><span style=\"font-weight: 400;\">M\u00e2m l\u1ec5 c\u00fang B\u00e0 Ch\u00faa v\u00e0 12 B\u00e0 M\u1ee5 th\u01b0\u1eddng \u0111\u01b0\u1ee3c chu\u1ea9n b\u1ecb \u0111\u1ec3 c\u1ea7u b\u00ecnh an v\u00e0 s\u1ef1 may m\u1eafn cho tr\u1ebb s\u01a1 sinh v\u00e0 gia \u0111\u00ecnh. D\u01b0\u1edbi \u0111\u00e2y l\u00e0 c\u00e1c m\u00f3n \u0103n th\u01b0\u1eddng \u0111\u01b0\u1ee3c chu\u1ea9n b\u1ecb cho m\u00e2m l\u1ec5 c\u00fang n\u00e0y:<\/span><\/p>\n<ul>\n<li><span style=\"font-weight: 400;\">C\u01a1m g\u1ea1o tr\u1eafng: \u0110\u1ea1i di\u1ec7n cho s\u1ef1 trong s\u00e1ng v\u00e0 trong tr\u1eafng c\u1ee7a t\u00e2m h\u1ed3n, \u0111\u01b0\u1ee3c \u0111\u1eb7t \u1edf gi\u1eefa m\u00e2m.<\/span><\/li>\n<li><span style=\"font-weight: 400;\">Ch\u1ea3 l\u1ee5a: T\u01b0\u1ee3ng tr\u01b0ng cho s\u1ef1 ch\u00e2n th\u00e0nh, th\u00e0nh th\u1eadt c\u1ee7a con ng\u01b0\u1eddi. M\u00f3n \u0103n n\u00e0y \u0111\u01b0\u1ee3c b\u00e0y \u1edf ph\u00eda b\u00ean tr\u00e1i c\u1ee7a m\u00e2m.<\/span><\/li>\n<li><span style=\"font-weight: 400;\">Th\u1ecbt g\u00e0: Th\u1ec3 hi\u1ec7n s\u1ef1 nhanh nh\u1eb9n, d\u0169ng c\u1ea3m, \u0111\u01b0\u1ee3c b\u00e0y \u1edf ph\u00eda b\u00ean ph\u1ea3i c\u1ee7a m\u00e2m.<\/span><\/li>\n<li><span style=\"font-weight: 400;\">C\u00e1: T\u01b0\u1ee3ng tr\u01b0ng cho s\u1ef1 gi\u00e0u c\u00f3, sung t\u00fac, \u0111\u01b0\u1ee3c b\u00e0y \u1edf ph\u00eda tr\u01b0\u1edbc c\u1ee7a m\u00e2m.<\/span><\/li>\n<li><span style=\"font-weight: 400;\">Rau c\u1ee7 qu\u1ea3: Th\u1ec3 hi\u1ec7n s\u1ef1 t\u01b0\u01a1i t\u1eafn, s\u1ea1ch \u0111\u1eb9p v\u00e0 s\u1ee9c kh\u1ecfe, \u0111\u01b0\u1ee3c b\u00e0y quanh m\u00e2m.<\/span><\/li>\n<li><span style=\"font-weight: 400;\">Tr\u00e1i c\u00e2y: Th\u1ec3 hi\u1ec7n s\u1ef1 may m\u1eafn, t\u00e0i l\u1ed9c, \u0111\u01b0\u1ee3c b\u00e0y \u1edf gi\u1eefa m\u00e2m.<\/span><\/li>\n<\/ul>\n<h4>M\u00e2m l\u1ec5 c\u00fang 3 \u0110\u1ee9c \u00d4ng<\/h4>\n<p><span style=\"font-weight: 400;\">M\u00e2m l\u1ec5 c\u00fang 3 \u0110\u1ee9c \u00d4ng th\u01b0\u1eddng \u0111\u01b0\u1ee3c s\u1eafp x\u1ebfp tr\u00ean b\u00e0n th\u1edd th\u1ea7n linh, g\u1ed3m:<\/span><\/p>\n<ul>\n<li><span style=\"font-weight: 400;\">M\u00e2m tr\u00f2n th\u01b0\u1eddng \u0111\u01b0\u1ee3c l\u00e0m b\u1eb1ng g\u1ed7 ho\u1eb7c \u0111\u00e1, c\u00f3 \u0111\u01b0\u1eddng k\u00ednh kho\u1ea3ng 30-40cm.<\/span><\/li>\n<li><span style=\"font-weight: 400;\">3 c\u1ed1c r\u01b0\u1ee3u: m\u1ed7i c\u1ed1c \u0111\u1ef1ng m\u1ed9t lo\u1ea1i r\u01b0\u1ee3u kh\u00e1c nhau (r\u01b0\u1ee3u tr\u1eafng, r\u01b0\u1ee3u \u0111\u1ecf, r\u01b0\u1ee3u ng\u00e2m).<\/span><\/li>\n<li><span style=\"font-weight: 400;\">Tr\u00e1i c\u00e2y: th\u01b0\u1eddng l\u00e0 tr\u00e1i c\u00e2y t\u01b0\u01a1i (nh\u01b0 d\u01b0a h\u1ea5u, d\u01b0a gang, xo\u00e0i, nho, cam&#8230;).<\/span><\/li>\n<li><span style=\"font-weight: 400;\">L\u1ea1p x\u01b0\u1edfng: l\u00e0 m\u1ed9t lo\u1ea1i th\u1ef1c ph\u1ea9m ph\u1ed5 bi\u1ebfn trong c\u00e1c bu\u1ed5i l\u1ec5 t\u1ea1i Vi\u1ec7t Nam.<\/span><\/li>\n<li><span style=\"font-weight: 400;\">B\u00e1nh quy: c\u00f3 th\u1ec3 l\u00e0 b\u00e1nh quy nh\u00e2n \u0111\u1eadu, b\u00e1nh quy nh\u00e2n m\u00e8, b\u00e1nh quy nh\u00e2n \u0111\u01b0\u1eddng&#8230;<\/span><\/li>\n<li><span style=\"font-weight: 400;\">H\u01b0\u01a1ng: th\u01b0\u1eddng s\u1eed d\u1ee5ng lo\u1ea1i h\u01b0\u01a1ng nh\u01b0 h\u01b0\u01a1ng \u0111\u1ebf, h\u01b0\u01a1ng n\u01b0\u1edbc, h\u01b0\u01a1ng b\u1ed9t&#8230;<\/span><\/li>\n<li><span style=\"font-weight: 400;\">N\u1ebfn: th\u01b0\u1eddng l\u00e0 c\u00e1c c\u00e2y n\u1ebfn m\u00e0u \u0111\u1ecf.<\/span><\/li>\n<li><span style=\"font-weight: 400;\">C\u00e1c lo\u1ea1i hoa: th\u01b0\u1eddng l\u00e0 hoa h\u1ed3ng, hoa \u0111\u00e0o, hoa mai, hoa c\u00fac&#8230;<\/span><\/li>\n<\/ul>\n<p><span style=\"font-weight: 400;\">T\u00f9y theo t\u1eebng v\u00f9ng mi\u1ec1n v\u00e0 t\u1eebng gia \u0111\u00ecnh m\u00e0 m\u00e2m l\u1ec5 c\u00fang 3 \u0110\u1ee9c \u00d4ng s\u1ebd c\u00f3 s\u1ef1 thay \u0111\u1ed5i v\u1ec1 h\u00ecnh th\u1ee9c v\u00e0 s\u1ed1 l\u01b0\u1ee3ng c\u00e1c lo\u1ea1i th\u1ef1c ph\u1ea9m, hoa l\u00e1, h\u01b0\u01a1ng li\u1ec7u&#8230; Tuy nhi\u00ean, t\u1ea5t c\u1ea3 \u0111\u1ec1u c\u00f3 \u00fd ngh\u0129a t\u00f4n k\u00ednh 3 \u0110\u1ee9c \u00d4ng v\u00e0 mong mu\u1ed1n \u0111\u01b0\u1ee3c b\u1ea3o v\u1ec7 v\u00e0 gi\u00fap \u0111\u1ee1 trong cu\u1ed9c s\u1ed1ng.<\/span><\/p>\n<h2><strong>K\u1ebf ho\u1ea1ch t\u1ed5 ch\u1ee9c ti\u1ec7c th\u00f4i n\u00f4i cho b\u00e9<\/strong><\/h2>\n<p><span style=\"font-weight: 400;\">D\u01b0\u1edbi \u0111\u00e2y ch\u1ec9 l\u00e0 nh\u1eefng b\u01b0\u1edbc c\u01a1 b\u1ea3n, b\u1ea1n n\u00ean t\u00f9y ch\u1ec9nh k\u1ebf ho\u1ea1ch c\u1ee7a m\u00ecnh \u0111\u1ec3 ph\u00f9 h\u1ee3p v\u1edbi nhu c\u1ea7u v\u00e0 ng\u00e2n s\u00e1ch c\u1ee7a gia \u0111\u00ecnh.<\/span><\/p>\n<h3>X\u00e1c \u0111\u1ecbnh \u0111\u1ecba \u0111i\u1ec3m v\u00e0 th\u1eddi gian t\u1ed5 ch\u1ee9c ti\u1ec7c<\/h3>\n<p><span style=\"font-weight: 400;\">Ch\u1ecdn m\u1ed9t \u0111\u1ecba \u0111i\u1ec3m ph\u00f9 h\u1ee3p v\u1edbi quy m\u00f4 v\u00e0 ng\u00e2n s\u00e1ch c\u1ee7a b\u1ea1n. Sau \u0111\u00f3, b\u1ea1n n\u00ean quy\u1ebft \u0111\u1ecbnh c\u00e1ch b\u1ed1 tr\u00ed b\u00e0n gh\u1ebf, s\u00e2n kh\u1ea5u, \u00e2m thanh, \u00e1nh s\u00e1ng v\u00e0 trang tr\u00ed ph\u00f9 h\u1ee3p v\u1edbi ch\u1ee7 \u0111\u1ec1 ti\u1ec7c.<\/span><\/p>\n<h3>L\u1eadp danh s\u00e1ch kh\u00e1ch m\u1eddi b\u1eefa ti\u1ec7c<\/h3>\n<p><span style=\"font-weight: 400;\">Chu\u1ea9n b\u1ecb m\u1ed9t t\u1ec7p danh s\u00e1ch kh\u00e1ch m\u1eddi bao g\u1ed3m nh\u1eefng ng\u01b0\u1eddi h\u1ecd h\u00e0ng, b\u1ea1n b\u00e8, \u0111\u1ed3ng nghi\u1ec7p th\u00e2n thi\u1ebft \u0111\u1ec3 l\u1ef1a ch\u1ecdn kh\u00f4ng gian t\u1ed5 ch\u1ee9c v\u00e0 s\u1ed1 b\u00e0n ph\u00f9 h\u1ee3p.<\/span><\/p>\n<h3>L\u00ean \u00fd t\u01b0\u1edfng cho l\u1ec5 th\u00f4i n\u00f4i<\/h3>\n<p><span style=\"font-weight: 400;\">B\u1ea1n n\u00ean \u0111\u01b0a ra c\u00e1c \u00fd t\u01b0\u1edfng v\u1ec1 \u0111\u1ec1 t\u00e0i, m\u00e0u s\u1eafc, trang tr\u00ed v\u00e0 th\u1ef1c \u0111\u01a1n. N\u1ebfu b\u1ea1n \u0111ang c\u00f3 kh\u00f3 kh\u0103n trong vi\u1ec7c t\u00ecm ra \u00fd t\u01b0\u1edfng, C&#8217;est La Vie s\u1ebd thay b\u1ea1n thi\u1ebft k\u1ebf l\u00ean k\u1ebf ho\u1ea1ch chi ti\u1ebft cho l\u1ec5 th\u00f4i n\u00f4i b\u00e9 di\u1ec5n ra th\u1eadt tr\u1ecdn v\u1eb9n v\u00e0 \u0111\u00e1ng nh\u1edb.<\/span><\/p>\n<h3>L\u1ef1a ch\u1ecdn th\u1ef1c \u0111\u01a1n b\u1eefa th\u00f4i n\u00f4i cho kh\u00e1ch m\u1eddi<\/h3>\n<p><span style=\"font-weight: 400;\">B\u1ea1n n\u00ean l\u00ean danh s\u00e1ch c\u00e1c m\u00f3n \u0103n, \u0111\u1ed3 u\u1ed1ng ph\u00f9 h\u1ee3p v\u1edbi ch\u1ee7 \u0111\u1ec1 v\u00e0 \u0111\u1ed9 tu\u1ed5i c\u1ee7a b\u00e9. \u0110\u1ea3m b\u1ea3o cung c\u1ea5p \u0111\u1ee7 th\u1ee9c \u0103n v\u00e0 \u0111\u1ed3 u\u1ed1ng cho s\u1ed1 l\u01b0\u1ee3ng kh\u00e1ch m\u1eddi \u1edf bu\u1ed5i ti\u1ec7c th\u00f4i n\u00f4i.<\/span><\/p>\n<p><span style=\"font-weight: 400;\">N\u1ebfu b\u1ea1n g\u1eb7p kh\u00f3 kh\u0103n trong qu\u00e1 tr\u00ecnh l\u1eadp k\u1ebf ho\u1ea1ch, h\u00e3y li\u00ean h\u1ec7 cho Cestlavie &#8211; d\u1ecbch v\u1ee5 <\/span><b>\u0111\u1eb7t ti\u1ec7c th\u00f4i n\u00f4i<\/b><span style=\"font-weight: 400;\"> uy t\u00edn t\u1ea1i \u0110\u00e0 N\u1eb5ng. Ch\u00fang m\u00ecnh c\u00f3 th\u1ec3 gi\u1ea3i \u0111\u00e1p th\u1eafc m\u1eafc v\u00e0 h\u1ed7 tr\u1ee3 b\u1ea1n l\u1eadp k\u1ebf ho\u1ea1ch <\/span><b>t\u1ed5 ch\u1ee9c ti\u1ec7c th\u00f4i n\u00f4i<\/b><span style=\"font-weight: 400;\"> m\u1ed9t c\u00e1ch chi ti\u1ebft nh\u1ea5t.<\/span><\/p>\n<h2><strong>N\u00ean t\u1ed5 ch\u1ee9c ti\u1ec7c th\u00f4i n\u00f4i \u1edf \u0111\u00e2u<\/strong><\/h2>\n<p><span style=\"font-weight: 400;\">B\u1ea1n \u0111ang mu\u1ed1n <\/span><b>\u0111\u1eb7t ti\u1ec7c th\u00f4i n\u00f4i cho b\u00e9<\/b><span style=\"font-weight: 400;\">? B\u1ea1n \u0111ang b\u0103n kho\u0103n v\u1ec1 c\u00e1c d\u1ecbch v\u1ee5 hay \u0111ang c\u1ea7n t\u00ecm m\u1ed9t n\u01a1i uy t\u00edn \u0111\u1ec3 t\u1ed5 ch\u1ee9c th\u00f4i n\u00f4i cho con. D\u01b0\u1edbi \u0111\u00e2y l\u00e0 c\u00e1c d\u1ecbch v\u1ee5 <\/span><b>\u0111\u1eb7t ti\u1ec7c th\u00f4i n\u00f4i<\/b><span style=\"font-weight: 400;\"> m\u00e0 Cestlavie hi\u1ec7n \u0111ang cung c\u1ea5p.<\/span><\/p>\n<h3>D\u1ecbch v\u1ee5 \u0111\u1eb7t ti\u1ec7c th\u00f4i n\u00f4i t\u1ea1i nh\u00e0<\/h3>\n<p><b>T\u1ed5 ch\u1ee9c ti\u1ec7c th\u00f4i n\u00f4i<\/b><span style=\"font-weight: 400;\"> t\u1ea1i nh\u00e0 ri\u00eang c\u1ee7a b\u1ea1n ho\u1eb7c t\u1ea1i m\u1ed9t khu vui ch\u01a1i trong nh\u00e0 l\u00e0 m\u1ed9t l\u1ef1a ch\u1ecdn ti\u1ebft ki\u1ec7m v\u00e0 linh ho\u1ea1t. B\u1ea1n c\u00f3 th\u1ec3 t\u1ef1 t\u1ed5 ch\u1ee9c v\u00e0 thi\u1ebft k\u1ebf ti\u1ec7c th\u00f4i n\u00f4i c\u1ee7a b\u00e9 m\u1ed9t c\u00e1ch tho\u1ea3i m\u00e1i v\u00e0 d\u1ec5 d\u00e0ng.<\/span><\/p>\n<figure id=\"attachment_6140\" aria-describedby=\"caption-attachment-6140\" style=\"width: 612px\" class=\"wp-caption aligncenter\"><img loading=\"lazy\" decoding=\"async\" class=\"size-full wp-image-6140\" src=\"https:\/\/cestlavie.vn\/wp-content\/uploads\/2023\/02\/dich-vu-to-chuc-tiec-thoi-noi-tai-nha.jpg\" alt=\"dich-vu-to-chuc-tiec-thoi-noi-tai-nha\" width=\"612\" height=\"408\" srcset=\"https:\/\/cestlavie.vn\/wp-content\/uploads\/2023\/02\/dich-vu-to-chuc-tiec-thoi-noi-tai-nha.jpg 612w, https:\/\/cestlavie.vn\/wp-content\/uploads\/2023\/02\/dich-vu-to-chuc-tiec-thoi-noi-tai-nha-300x200.jpg 300w\" sizes=\"auto, (max-width: 612px) 100vw, 612px\" \/><figcaption id=\"caption-attachment-6140\" class=\"wp-caption-text\">D\u1ecbch v\u1ee5 t\u1ed5 ti\u1ec7c th\u00f4i n\u00f4i t\u1ea1i nh\u00e0<\/figcaption><\/figure>\n<p>&gt;&gt;&gt;&gt; Xem Th\u00eam: <strong><a href=\"https:\/\/cestlavie.vn\/decor-tiec-sinh-nhat\/\">D\u1ecbch V\u1ee5 Decor Ti\u1ec7c Sinh Nh\u1eadt T\u1ea1i Nh\u00e0<\/a><\/strong><\/p>\n<h3>D\u1ecbch v\u1ee5 t\u1ed5 ch\u1ee9c ti\u1ec7c th\u00f4i n\u00f4i t\u1ea1i nh\u00e0 h\u00e0ng<\/h3>\n<p><span style=\"font-weight: 400;\">Nhi\u1ec1u nh\u00e0 h\u00e0ng cung c\u1ea5p d\u1ecbch v\u1ee5 t\u1ed5 ch\u1ee9c sinh nh\u1eadt v\u00e0 t\u1ed5 ch\u1ee9c th\u00f4i n\u00f4i cho b\u00e9. B\u1ea1n c\u00f3 th\u1ec3 thu\u00ea m\u1ed9t ph\u00f2ng ri\u00eang t\u01b0 \u0111\u1ec3 t\u1ed5 ch\u1ee9c ti\u1ec7c th\u00f4i n\u00f4i ho\u1eb7c \u0111\u1eb7t ch\u1ed7 \u1edf khu v\u1ef1c kh\u00f4ng gian chung.<\/span><\/p>\n<figure id=\"attachment_6142\" aria-describedby=\"caption-attachment-6142\" style=\"width: 612px\" class=\"wp-caption aligncenter\"><img loading=\"lazy\" decoding=\"async\" class=\"size-full wp-image-6142\" src=\"https:\/\/cestlavie.vn\/wp-content\/uploads\/2023\/02\/dich-vu-to-chuc-tiec-thoi-noi-tai-nha-hang.jpg\" alt=\"dich-vu-to-chuc-thoi-noi-tai-nha-hang\" width=\"612\" height=\"406\" srcset=\"https:\/\/cestlavie.vn\/wp-content\/uploads\/2023\/02\/dich-vu-to-chuc-tiec-thoi-noi-tai-nha-hang.jpg 612w, https:\/\/cestlavie.vn\/wp-content\/uploads\/2023\/02\/dich-vu-to-chuc-tiec-thoi-noi-tai-nha-hang-300x199.jpg 300w\" sizes=\"auto, (max-width: 612px) 100vw, 612px\" \/><figcaption id=\"caption-attachment-6142\" class=\"wp-caption-text\">D\u1ecbch v\u1ee5 t\u1ed5 ch\u1ee9c ti\u1ec7c th\u00f4i n\u00f4i t\u1ea1i nh\u00e0 h\u00e0ng<\/figcaption><\/figure>\n<h3>D\u1ecbch v\u1ee5 t\u1ed5 ch\u1ee9c ti\u1ec7c th\u00f4i n\u00f4i ngo\u00e0i tr\u1eddi<\/h3>\n<p><span style=\"font-weight: 400;\">N\u1ebfu ti\u1ebft tr\u1eddi t\u1ed1t, b\u1ea1n c\u00f3 th\u1ec3 <\/span><b>t\u1ed5 ch\u1ee9c ti\u1ec7c th\u00f4i n\u00f4i<\/b><span style=\"font-weight: 400;\"> t\u1ea1i c\u00f4ng vi\u00ean ho\u1eb7c s\u00e2n ch\u01a1i ngo\u00e0i tr\u1eddi. \u0110\u00e2y l\u00e0 m\u1ed9t l\u1ef1a ch\u1ecdn tuy\u1ec7t v\u1eddi \u0111\u1ec3 b\u00e9 c\u00f3 th\u1ec3 vui ch\u01a1i ngo\u00e0i tr\u1eddi v\u00e0 t\u1eadn h\u01b0\u1edfng kh\u00f4ng gian r\u1ed9ng r\u00e3i.<\/span><\/p>\n<figure id=\"attachment_6143\" aria-describedby=\"caption-attachment-6143\" style=\"width: 612px\" class=\"wp-caption aligncenter\"><img loading=\"lazy\" decoding=\"async\" class=\"size-full wp-image-6143\" src=\"https:\/\/cestlavie.vn\/wp-content\/uploads\/2023\/02\/dich-vu-to-chuc-tiec-thoi-noi-ngoai-troi.jpg\" alt=\"\" width=\"612\" height=\"408\" srcset=\"https:\/\/cestlavie.vn\/wp-content\/uploads\/2023\/02\/dich-vu-to-chuc-tiec-thoi-noi-ngoai-troi.jpg 612w, https:\/\/cestlavie.vn\/wp-content\/uploads\/2023\/02\/dich-vu-to-chuc-tiec-thoi-noi-ngoai-troi-300x200.jpg 300w\" sizes=\"auto, (max-width: 612px) 100vw, 612px\" \/><figcaption id=\"caption-attachment-6143\" class=\"wp-caption-text\">D\u1ecbch v\u1ee5 t\u1ed5 ch\u1ee9c ti\u1ec7c th\u00f4i n\u00f4i ngo\u00e0i tr\u1eddi<\/figcaption><\/figure>\n<h2><strong>Nh\u1eefng \u00fd t\u01b0\u1edfng trang tr\u00ed t\u1ed5 ch\u1ee9c ti\u1ec7c th\u00f4i n\u00f4i cho b\u00e9<\/strong><\/h2>\n<p><span style=\"font-weight: 400;\">B\u1ea1n c\u00f3 th\u1ec3 s\u1eed d\u1ee5ng c\u00e1c b\u00f3ng bay c\u00f3 h\u00ecnh c\u00e1c h\u00ecnh kh\u00e1c nhau theo ch\u1ee7 \u0111\u1ec1 b\u1ea1n ch\u1ecdn. D\u01b0\u1edbi \u0111\u00e2y l\u00e0 m\u1ed9t s\u1ed1 \u00fd t\u01b0\u1edfng trang tr\u00ed ti\u1ec7c th\u00f4i n\u00f4i cho b\u00e9 m\u00e0 b\u1ea1n c\u00f3 th\u1ec3 tham kh\u1ea3o.<\/span><\/p>\n<h3>\u00dd t\u01b0\u1edfng decor theo ch\u1ee7 \u0111\u1ec1 c\u00f4ng ch\u00faa<\/h3>\n<p><span style=\"font-weight: 400;\">Ch\u1ee7 \u0111\u1ec1 c\u00f4ng ch\u00faa l\u00e0 m\u1ed9t \u00fd t\u01b0\u1edfng r\u1ea5t th\u00fa v\u1ecb v\u00e0 ph\u00f9 h\u1ee3p cho c\u00e1c b\u00e9 g\u00e1i.<\/span><\/p>\n<p><span style=\"font-weight: 400;\">B\u1ea1n h\u00e3y ch\u1ecdn nh\u1eefng m\u00e0u s\u1eafc nh\u01b0 h\u1ed3ng, t\u00edm, tr\u1eafng v\u00e0 v\u00e0ng \u0111\u1ec3 l\u00e0m ch\u1ee7 \u0111\u1ec1 cho ti\u1ec7c th\u00f4i n\u00f4i c\u1ee7a b\u00e9. \u0110\u00f3 l\u00e0 c\u00e1c m\u00e0u s\u1eafc li\u00ean quan \u0111\u1ebfn c\u00e1c nh\u00e2n v\u1eadt c\u00f4ng ch\u00faa trong c\u00e2u chuy\u1ec7n c\u1ed5 t\u00edch. <\/span><span style=\"font-weight: 400;\">Trang tr\u00ed ph\u00f2ng ti\u1ec7c th\u00f4i n\u00f4i b\u1eb1ng c\u00e1c b\u1ee9c tranh, \u1ea3nh v\u00e0 nh\u1eefng chi\u1ebfc n\u01a1 gi\u1ea5y c\u00f3 m\u00e0u s\u1eafc \u0111\u1eadm \u0111\u00e0 \u0111\u1ec3 t\u1ea1o ra kh\u00f4ng gian nh\u01b0 trong c\u00e2u chuy\u1ec7n c\u1ed5 t\u00edch.\u00a0<\/span><\/p>\n<figure id=\"attachment_6147\" aria-describedby=\"caption-attachment-6147\" style=\"width: 830px\" class=\"wp-caption aligncenter\"><img loading=\"lazy\" decoding=\"async\" class=\"size-full wp-image-6147\" src=\"https:\/\/cestlavie.vn\/wp-content\/uploads\/2023\/02\/Nhung-y-tuong-trang-tri-tiec-thoi-noi-cho-be-2.jpg\" alt=\"nhung-y-tuong-trang-tri-tiec-thoi-noi-cho-be\" width=\"830\" height=\"370\" srcset=\"https:\/\/cestlavie.vn\/wp-content\/uploads\/2023\/02\/Nhung-y-tuong-trang-tri-tiec-thoi-noi-cho-be-2.jpg 830w, https:\/\/cestlavie.vn\/wp-content\/uploads\/2023\/02\/Nhung-y-tuong-trang-tri-tiec-thoi-noi-cho-be-2-300x134.jpg 300w, https:\/\/cestlavie.vn\/wp-content\/uploads\/2023\/02\/Nhung-y-tuong-trang-tri-tiec-thoi-noi-cho-be-2-768x342.jpg 768w\" sizes=\"auto, (max-width: 830px) 100vw, 830px\" \/><figcaption id=\"caption-attachment-6147\" class=\"wp-caption-text\">T\u1ed5 ch\u1ee9c ti\u1ec7c th\u00f4i n\u00f4i ch\u1ee7 \u0111\u1ec1 c\u00f4ng ch\u00faa<\/figcaption><\/figure>\n<p><span style=\"font-weight: 400;\"><strong>C&#8217;est La Vie<\/strong> &#8211; d\u1ecbch v\u1ee5 chuy\u00ean <\/span>\u0111\u1eb7t v\u00e0 <b>t\u1ed5 ch\u1ee9c ti\u1ec7c th\u00f4i n\u00f4i<\/b><span style=\"font-weight: 400;\"> uy t\u00edn t\u1ea1i \u0110\u00e0 N\u1eb5ng s\u1ebd gi\u00fap b\u1ea1n t\u1ea1o ra m\u1ed9t bu\u1ed5i ti\u1ec7c th\u00f4i n\u00f4i c\u00f4ng ch\u00faa \u0111\u00e1ng y\u00eau v\u00e0 \u1ea5m c\u00fang cho b\u00e9 c\u1ee7a b\u1ea1n.<\/span><\/p>\n<h3>Ch\u1ee7 \u0111\u1ec1 Kh\u1ee7ng long \u0111\u00e1ng y\u00eau cho b\u1eefa ti\u1ec7c<\/h3>\n<p><span style=\"font-weight: 400;\">H\u00e3y ch\u1ecdn m\u00e0u xanh l\u00e1 c\u00e2y, xanh lam, cam v\u00e0 n\u00e2u \u0111\u1ea5t \u0111\u1ec3 l\u00e0m ch\u1ee7 \u0111\u1ec1 cho ti\u1ec7c th\u00f4i n\u00f4i c\u1ee7a b\u00e9. Trang tr\u00ed ph\u00f2ng ti\u1ec7c th\u00f4i n\u00f4i b\u1eb1ng nh\u1eefng b\u1ee9c tranh v\u00e0 h\u00ecnh \u1ea3nh v\u1ec1 Kh\u1ee7ng long. C\u00e1c chi\u1ebfc c\u1edd, b\u00f3ng bay v\u00e0 nh\u1eefng t\u1ea5m banner c\u00f3 h\u00ecnh Kh\u1ee7ng long c\u0169ng s\u1ebd gi\u00fap cho kh\u00f4ng gian tr\u1edf n\u00ean s\u1ed1ng \u0111\u1ed9ng h\u01a1n.<\/span><\/p>\n<figure id=\"attachment_6148\" aria-describedby=\"caption-attachment-6148\" style=\"width: 1200px\" class=\"wp-caption aligncenter\"><img loading=\"lazy\" decoding=\"async\" class=\"wp-image-6148 size-full\" src=\"https:\/\/cestlavie.vn\/wp-content\/uploads\/2023\/02\/Nhung-y-tuong-trang-tri-tiec-thoi-noi-cho-be.jpg\" alt=\"nhung-y-tuong-trang-tri-tiec-thoi-noi-cho-be\" width=\"1200\" height=\"675\" srcset=\"https:\/\/cestlavie.vn\/wp-content\/uploads\/2023\/02\/Nhung-y-tuong-trang-tri-tiec-thoi-noi-cho-be.jpg 1200w, https:\/\/cestlavie.vn\/wp-content\/uploads\/2023\/02\/Nhung-y-tuong-trang-tri-tiec-thoi-noi-cho-be-300x169.jpg 300w, https:\/\/cestlavie.vn\/wp-content\/uploads\/2023\/02\/Nhung-y-tuong-trang-tri-tiec-thoi-noi-cho-be-768x432.jpg 768w, https:\/\/cestlavie.vn\/wp-content\/uploads\/2023\/02\/Nhung-y-tuong-trang-tri-tiec-thoi-noi-cho-be-1024x576.jpg 1024w\" sizes=\"auto, (max-width: 1200px) 100vw, 1200px\" \/><figcaption id=\"caption-attachment-6148\" class=\"wp-caption-text\">T\u1ed5 ch\u1ee9c ti\u1ec7c th\u00f4i n\u00f4i ch\u1ee7 \u0111\u1ec1 kh\u1ee7ng long<\/figcaption><\/figure>\n<h3>Concept Doraemon cho ti\u1ec7c sinh nh\u1eadt<\/h3>\n<p><span style=\"font-weight: 400;\">\u0110\u00e2y ch\u1eafc ch\u1eafn s\u1ebd l\u00e0 m\u1ed9t b\u1eefa ti\u1ec7c th\u00f4i n\u00f4i \u0111\u1ea7y m\u00e0u s\u1eafc v\u00e0 b\u1eaft m\u1eaft khi \u0111\u01b0\u1ee3c trang tr\u00ed theo ch\u1ee7 \u0111\u1ec1 Doraemon.\u00a0B\u1ea1n h\u00e3y ch\u1ecdn m\u00e0u xanh d\u01b0\u01a1ng, \u0111\u1ecf v\u00e0 tr\u1eafng \u0111\u1ec3 l\u00e0m ch\u1ee7 \u0111\u1ec1 cho ti\u1ec7c th\u00f4i n\u00f4i c\u1ee7a b\u00e9.\u00a0<\/span><\/p>\n<p><img loading=\"lazy\" decoding=\"async\" class=\"wp-image-6154 size-full aligncenter\" src=\"https:\/\/cestlavie.vn\/wp-content\/uploads\/2023\/02\/Nhung-y-tuong-trang-tri-tiec-thoi-noi-cho-be-3.jpg\" alt=\"\" width=\"736\" height=\"736\" srcset=\"https:\/\/cestlavie.vn\/wp-content\/uploads\/2023\/02\/Nhung-y-tuong-trang-tri-tiec-thoi-noi-cho-be-3.jpg 736w, https:\/\/cestlavie.vn\/wp-content\/uploads\/2023\/02\/Nhung-y-tuong-trang-tri-tiec-thoi-noi-cho-be-3-150x150.jpg 150w, https:\/\/cestlavie.vn\/wp-content\/uploads\/2023\/02\/Nhung-y-tuong-trang-tri-tiec-thoi-noi-cho-be-3-300x300.jpg 300w\" sizes=\"auto, (max-width: 736px) 100vw, 736px\" \/><\/p>\n<p><span style=\"font-weight: 400;\">Ph\u1ea7n trang tr\u00ed bao g\u1ed3m c\u00e1c ph\u1ee5 ki\u1ec7n trang tr\u00ed nh\u01b0 banner, balloon, b\u1ea3ng th\u00f4ng b\u00e1o, th\u1ea3m tr\u1ea3i s\u00e0n, b\u00e0n trang tr\u00ed, bong b\u00f3ng h\u00ecnh Doraemon,&#8230; T\u1eeb \u0111\u00f3 s\u1ebd t\u1ea1o ra kh\u00f4ng gian ti\u1ec7c th\u00f4i\u00a0 n\u00f4i th\u1eadt s\u1ed1ng \u0111\u1ed9ng v\u00e0 b\u1eaft m\u1eaft cho bu\u1ed5i ti\u1ec7c.<\/span><\/p>\n<p><strong>&gt;&gt;&gt;&gt; Xem th\u00eam<\/strong>: <strong><a href=\"https:\/\/cestlavie.vn\/en\/chuong-trinh-thuc-hien\/\">C\u00e1c ch\u1ee7 \u0111\u1ec1 trang tr\u00ed ti\u1ec7c th\u00f4i n\u00f4i cho b\u00e9<\/a><\/strong><\/p>\n<h2><strong>B\u00e1o gi\u00e1 d\u1ecbch v\u1ee5 t\u1ed5 ch\u1ee9c ti\u1ec7c th\u00f4i n\u00f4i C&#8217;est La Vie<\/strong><\/h2>\n<p>Nh\u1eefng h\u1ea1ng m\u1ee5c chi ph\u00ed t\u1ed5 ch\u1ee9c s\u1ef1 ki\u1ec7n v\u1ed1n r\u1ea5t bi\u1ebfn \u0111\u1ed9ng v\u00e0 kh\u00f4ng c\u1ed1 \u0111\u1ecbnh. D\u1ef1a v\u00e0o nh\u1eefng nhu c\u1ea7u t\u1eeb ph\u00eda kh\u00e1ch h\u00e0ng, ch\u00fang t\u00f4i s\u1ebd chung tay h\u1ed7 tr\u1ee3 ph\u00e1c h\u1ecda \u00fd t\u01b0\u1edfng, t\u00ednh to\u00e1n c\u00e1c h\u1ea1ng m\u1ee5c chi ph\u00ed. T\u1eeb \u0111\u00f3, \u0111\u1ec1 xu\u1ea5t nh\u1eefng g\u00f3i c\u01b0\u1edbc t\u1ed1i \u01b0u nh\u1ea5t v\u1ec1 m\u1eb7t gi\u00e1 c\u1ea3 v\u00e0 ch\u1ea5t l\u01b0\u1ee3ng.<\/p>\n<p>\u0110\u1eebng ng\u1ea1i ng\u00f9ng li\u00ean h\u1ec7 tr\u1ef1c ti\u1ebfp C&#8217;estlavie \u0111\u1ec3 c\u00f3 \u0111\u01b0\u1ee3c s\u1ef1 t\u01b0 v\u1ea5n nhi\u1ec7t t\u00ecnh v\u00e0 chi ti\u1ebft nh\u1ea5t nh\u00e9 !<\/p>\n<p><span data-sheets-value=\"{&quot;1&quot;:2,&quot;2&quot;:&quot;&quot;}\" data-sheets-userformat=\"{&quot;2&quot;:513,&quot;3&quot;:{&quot;1&quot;:0},&quot;12&quot;:0}\"><\/span><\/p>\n","protected":false},"excerpt":{"rendered":"<p>Hosting a First Birthday Party for your child is a longstanding tradition in Vietnamese culture. This celebration marks a significant milestone in a child\u2019s early development. Let C&#8217;est La Vie accompany you to make this special day complete and meaningful.<\/p>\n<p>>>>> See more: Birthday Party Decoration Services<\/p>\n<p>>>>> See more: Full-Service Event Planning<\/p>\n","protected":false},"author":17,"featured_media":17555,"parent":0,"menu_order":0,"comment_status":"closed","ping_status":"closed","template":"templates\/module-flexible-content.php","meta":{"footnotes":""},"class_list":["post-14784","page","type-page","status-publish","has-post-thumbnail","hentry","page_category-trang-tri-su-kien"],"acf":[],"_links":{"self":[{"href":"https:\/\/cestlavie.vn\/en\/wp-json\/wp\/v2\/pages\/14784","targetHints":{"allow":["GET"]}}],"collection":[{"href":"https:\/\/cestlavie.vn\/en\/wp-json\/wp\/v2\/pages"}],"about":[{"href":"https:\/\/cestlavie.vn\/en\/wp-json\/wp\/v2\/types\/page"}],"author":[{"embeddable":true,"href":"https:\/\/cestlavie.vn\/en\/wp-json\/wp\/v2\/users\/17"}],"replies":[{"embeddable":true,"href":"https:\/\/cestlavie.vn\/en\/wp-json\/wp\/v2\/comments?post=14784"}],"version-history":[{"count":0,"href":"https:\/\/cestlavie.vn\/en\/wp-json\/wp\/v2\/pages\/14784\/revisions"}],"wp:featuredmedia":[{"embeddable":true,"href":"https:\/\/cestlavie.vn\/en\/wp-json\/wp\/v2\/media\/17555"}],"wp:attachment":[{"href":"https:\/\/cestlavie.vn\/en\/wp-json\/wp\/v2\/media?parent=14784"}],"curies":[{"name":"wp","href":"https:\/\/api.w.org\/{rel}","templated":true}]}}